{"id":165,"date":"2023-02-21T14:53:43","date_gmt":"2023-02-21T14:53:43","guid":{"rendered":"https:\/\/lbmagtech.com\/?page_id=165"},"modified":"2023-08-31T13:53:05","modified_gmt":"2023-08-31T13:53:05","slug":"conception-sur-mesure","status":"publish","type":"page","link":"https:\/\/lbmagtech.com\/en\/conception-sur-mesure\/","title":{"rendered":"Custom design"},"content":{"rendered":"<div data-elementor-type=\"wp-page\" data-elementor-id=\"165\" class=\"elementor elementor-165\">\n\t\t\t\t\t\t<section class=\"elementor-section elementor-top-section elementor-element elementor-element-2646f546 elementor-section-content-middle elementor-section-boxed elementor-section-height-default elementor-section-height-default\" data-id=\"2646f546\" data-element_type=\"section\" data-settings=\"{&quot;background_background&quot;:&quot;classic&quot;}\">\n\t\t\t\t\t\t\t<div class=\"elementor-background-overlay\"><\/div>\n\t\t\t\t\t\t\t<div class=\"elementor-container elementor-column-gap-default\">\n\t\t\t\t\t<div class=\"elementor-column elementor-col-100 elementor-top-column elementor-element elementor-element-77c73a65\" data-id=\"77c73a65\" data-element_type=\"column\">\n\t\t\t<div class=\"elementor-widget-wrap elementor-element-populated\">\n\t\t\t\t\t\t<div class=\"elementor-element elementor-element-6bacc6b1 elementor-widget elementor-widget-elementskit-heading\" data-id=\"6bacc6b1\" data-element_type=\"widget\" data-widget_type=\"elementskit-heading.default\">\n\t\t\t\t<div class=\"elementor-widget-container\">\n\t\t\t\t\t<div class=\"ekit-wid-con\" ><div class=\"ekit-heading elementskit-section-title-wraper text_left   ekit_heading_tablet-text_center   ekit_heading_mobile-\"><h2 class=\"ekit-heading--title elementskit-section-title\">Custom design<\/h2>\t\t\t\t<div class='ekit-heading__description'>\n\t\t\t\t\t<div class=\"wpb_text_column wpb_content_element\">\n<div class=\"wpb_wrapper\">\n<p><span class=\"S1PPyQ\">Propuls\u00e9 par notre technologie hydroponique en instance de brevet, nous pouvons convertir des b\u00e2timents d\u00e9saffect\u00e9s en serres de production.<\/span><\/p>\n<\/div>\n<\/div>\n\t\t\t\t<\/div>\n\t\t\t<\/div><\/div>\t\t\t\t<\/div>\n\t\t\t\t<\/div>\n\t\t\t\t<div class=\"elementor-element elementor-element-2b4b4c5e elementor-align-left elementor-widget__width-auto elementor-widget elementor-widget-elementskit-button\" data-id=\"2b4b4c5e\" data-element_type=\"widget\" data-widget_type=\"elementskit-button.default\">\n\t\t\t\t<div class=\"elementor-widget-container\">\n\t\t\t\t\t<div class=\"ekit-wid-con\" >\t\t<div class=\"ekit-btn-wraper\">\n\t\t\t\t\t\t\t<a href=\"#more\" class=\"elementskit-btn  whitespace--normal\" id=\"\">\n\t\t\t\t\tFIND OUT MORE\t\t\t\t<\/a>\n\t\t\t\t\t<\/div>\n        <\/div>\t\t\t\t<\/div>\n\t\t\t\t<\/div>\n\t\t\t\t\t<\/div>\n\t\t<\/div>\n\t\t\t\t\t<\/div>\n\t\t<\/section>\n\t\t\t\t<section class=\"elementor-section elementor-top-section elementor-element elementor-element-4467fe31 elementor-section-boxed elementor-section-height-default elementor-section-height-default\" data-id=\"4467fe31\" data-element_type=\"section\">\n\t\t\t\t\t\t<div class=\"elementor-container elementor-column-gap-default\">\n\t\t\t\t\t<div class=\"elementor-column elementor-col-100 elementor-top-column elementor-element elementor-element-211b5722\" data-id=\"211b5722\" data-element_type=\"column\">\n\t\t\t<div class=\"elementor-widget-wrap elementor-element-populated\">\n\t\t\t\t\t\t<div class=\"elementor-element elementor-element-83dea48 elementor-widget elementor-widget-menu-anchor\" data-id=\"83dea48\" data-element_type=\"widget\" data-widget_type=\"menu-anchor.default\">\n\t\t\t\t<div class=\"elementor-widget-container\">\n\t\t\t\t\t\t\t<div class=\"elementor-menu-anchor\" id=\"more\"><\/div>\n\t\t\t\t\t\t<\/div>\n\t\t\t\t<\/div>\n\t\t\t\t<div class=\"elementor-element elementor-element-75687123 elementor-widget elementor-widget-elementskit-heading\" data-id=\"75687123\" data-element_type=\"widget\" data-widget_type=\"elementskit-heading.default\">\n\t\t\t\t<div class=\"elementor-widget-container\">\n\t\t\t\t\t<div class=\"ekit-wid-con\" ><div class=\"ekit-heading elementskit-section-title-wraper text_center   ekit_heading_tablet-   ekit_heading_mobile-\"><h2 class=\"ekit-heading--title elementskit-section-title\">Vous avez d\u00e9j\u00e0 votre b\u00e2timent et d\u00e9sirez le convertir? <br>Vous d\u00e9sirez inclure une serre int\u00e9rieure hydroponique \u00e0 un projet existant?<\/h2><\/div><\/div>\t\t\t\t<\/div>\n\t\t\t\t<\/div>\n\t\t\t\t<section class=\"elementor-section elementor-inner-section elementor-element elementor-element-136e1dd6 elementor-section-boxed elementor-section-height-default elementor-section-height-default\" data-id=\"136e1dd6\" data-element_type=\"section\">\n\t\t\t\t\t\t<div class=\"elementor-container elementor-column-gap-default\">\n\t\t\t\t\t<div class=\"elementor-column elementor-col-100 elementor-inner-column elementor-element elementor-element-69e5a2f5\" data-id=\"69e5a2f5\" data-element_type=\"column\">\n\t\t\t<div class=\"elementor-widget-wrap elementor-element-populated\">\n\t\t\t\t\t\t<div class=\"elementor-element elementor-element-e871a2e elementor-widget elementor-widget-text-editor\" data-id=\"e871a2e\" data-element_type=\"widget\" data-widget_type=\"text-editor.default\">\n\t\t\t\t<div class=\"elementor-widget-container\">\n\t\t\t\t\t\t\t\t\t<p>Pas de soucis, on est l\u00e0 pour vous. Notre \u00e9quipe d\u2019experts vous accompagnera dans l\u2019\u00e9laboration de votre projet de la conception \u00e0 la livraison du projet final.<\/p><p>Une premi\u00e8re analyse de votre projet vous permettra d\u2019\u00e9valuer votre concept pour adapter nos solutions \u00e0 vos installations (retrofitting).<\/p>\t\t\t\t\t\t\t\t<\/div>\n\t\t\t\t<\/div>\n\t\t\t\t\t<\/div>\n\t\t<\/div>\n\t\t\t\t\t<\/div>\n\t\t<\/section>\n\t\t\t\t\t<\/div>\n\t\t<\/div>\n\t\t\t\t\t<\/div>\n\t\t<\/section>\n\t\t\t\t<section class=\"elementor-section elementor-top-section elementor-element elementor-element-072ee04 elementor-section-full_width elementor-section-height-default elementor-section-height-default\" data-id=\"072ee04\" data-element_type=\"section\">\n\t\t\t\t\t\t<div class=\"elementor-container elementor-column-gap-default\">\n\t\t\t\t\t<div class=\"elementor-column elementor-col-100 elementor-top-column elementor-element elementor-element-ab54f58\" data-id=\"ab54f58\" data-element_type=\"column\" data-settings=\"{&quot;background_background&quot;:&quot;classic&quot;}\">\n\t\t\t<div class=\"elementor-widget-wrap elementor-element-populated\">\n\t\t\t\t\t\t<div class=\"elementor-element elementor-element-c9b122c elementor-widget elementor-widget-spacer\" data-id=\"c9b122c\" data-element_type=\"widget\" data-widget_type=\"spacer.default\">\n\t\t\t\t<div class=\"elementor-widget-container\">\n\t\t\t\t\t\t\t<div class=\"elementor-spacer\">\n\t\t\t<div class=\"elementor-spacer-inner\"><\/div>\n\t\t<\/div>\n\t\t\t\t\t\t<\/div>\n\t\t\t\t<\/div>\n\t\t\t\t\t<\/div>\n\t\t<\/div>\n\t\t\t\t\t<\/div>\n\t\t<\/section>\n\t\t\t\t<section class=\"elementor-section elementor-top-section elementor-element elementor-element-40ab58bb elementor-section-boxed elementor-section-height-default elementor-section-height-default\" data-id=\"40ab58bb\" data-element_type=\"section\">\n\t\t\t\t\t\t<div class=\"elementor-container elementor-column-gap-default\">\n\t\t\t\t\t<div class=\"elementor-column elementor-col-100 elementor-top-column elementor-element elementor-element-1a74c7b7\" data-id=\"1a74c7b7\" data-element_type=\"column\">\n\t\t\t<div class=\"elementor-widget-wrap elementor-element-populated\">\n\t\t\t\t\t\t<section class=\"elementor-section elementor-inner-section elementor-element elementor-element-1f3af111 elementor-section-boxed elementor-section-height-default elementor-section-height-default\" data-id=\"1f3af111\" data-element_type=\"section\">\n\t\t\t\t\t\t<div class=\"elementor-container elementor-column-gap-default\">\n\t\t\t\t\t<div class=\"elementor-column elementor-col-100 elementor-inner-column elementor-element elementor-element-6db32c22\" data-id=\"6db32c22\" data-element_type=\"column\">\n\t\t\t<div class=\"elementor-widget-wrap elementor-element-populated\">\n\t\t\t\t\t\t<div class=\"elementor-element elementor-element-1ffa95a elementor-widget elementor-widget-elementskit-heading\" data-id=\"1ffa95a\" data-element_type=\"widget\" data-widget_type=\"elementskit-heading.default\">\n\t\t\t\t<div class=\"elementor-widget-container\">\n\t\t\t\t\t<div class=\"ekit-wid-con\" ><div class=\"ekit-heading elementskit-section-title-wraper text_center   ekit_heading_tablet-   ekit_heading_mobile-\"><h2 class=\"ekit-heading--title elementskit-section-title\">Une planification d\u00e9taill\u00e9e permettra d\u2019ex\u00e9cuter la construction du projet dans le respect <span>vos exigences<\/span><\/h2><\/div><\/div>\t\t\t\t<\/div>\n\t\t\t\t<\/div>\n\t\t\t\t\t<\/div>\n\t\t<\/div>\n\t\t\t\t\t<\/div>\n\t\t<\/section>\n\t\t\t\t<section class=\"elementor-section elementor-inner-section elementor-element elementor-element-7cfe222d elementor-section-boxed elementor-section-height-default elementor-section-height-default\" data-id=\"7cfe222d\" data-element_type=\"section\">\n\t\t\t\t\t\t<div class=\"elementor-container elementor-column-gap-default\">\n\t\t\t\t\t<div class=\"elementor-column elementor-col-50 elementor-inner-column elementor-element elementor-element-33c277e1\" data-id=\"33c277e1\" data-element_type=\"column\">\n\t\t\t<div class=\"elementor-widget-wrap elementor-element-populated\">\n\t\t\t\t\t\t<div class=\"elementor-element elementor-element-6dafe187 elementor-widget elementor-widget-elementskit-pricing\" data-id=\"6dafe187\" data-element_type=\"widget\" data-widget_type=\"elementskit-pricing.default\">\n\t\t\t\t<div class=\"elementor-widget-container\">\n\t\t\t\t\t<div class=\"ekit-wid-con\" >\n\n        <div class=\"elementskit-single-pricing\" >\n            <div class=\"elementskit-pricing-header\">\n\t\t\t\t                    <figure class=\"elementor-pricing-img\"><img decoding=\"async\" src=\"https:\/\/lbmagtech.com\/wp-content\/uploads\/elementor\/thumbs\/LBM-icon-concept-q2hrjrw52rh3156w6qi67xlycj00n7uhzdl349kcg0.png\" title=\"LBM-icon-concept\" alt=\"ic\u00f4ne projection\" loading=\"lazy\" \/><\/figure>                \t\t\t\t\n\t\t\t\t                \t<h3\t\t\t\t\tclass=\"elementskit-pricing-title\">\u00c9tudes de concept\t\t\t\t\t<\/h3>\n\t\t\t\t\t\t\t\t            <\/div>\n\t\t\t            <div class=\"elementskit-pricing-content\">\n\n                                                    <ul class=\"elementskit-pricing-lists\">\n                        \t\t\t\t\t\t\t<li class=\"elementor-repeater-item-2cf5be1\">\n\t\t\t\t\t\t\t\t\t\t\t\t\t\t\t\t\n\t\t\t\t\t\t\t\t\u00c9tude pr\u00e9liminaire du projet (quoi, comment)\t\t\t\t\t\t\t\t\n\t\t\t\t\t\t\t\t\t\t\t\t\t\t\t<\/li>\n                        \t\t\t\t\t\t\t<li class=\"elementor-repeater-item-f967a45\">\n\t\t\t\t\t\t\t\t\t\t\t\t\t\t\t\t\n\t\t\t\t\t\t\t\tEstim\u00e9 sommaire des co\u00fbts\t\t\t\t\t\t\t\t\n\t\t\t\t\t\t\t\t\t\t\t\t\t\t\t<\/li>\n                        \t\t\t\t\t\t\t<li class=\"elementor-repeater-item-70e1cb4\">\n\t\t\t\t\t\t\t\t\t\t\t\t\t\t\t\t\n\t\t\t\t\t\t\t\tPlan pr\u00e9liminaire\t\t\t\t\t\t\t\t\n\t\t\t\t\t\t\t\t\t\t\t\t\t\t\t<\/li>\n                                            <\/ul>\n                            <\/div>\n            <div class=\"elementskit-pricing-btn-wraper\">\n\t\t\t\t<a href=\"https:\/\/lbmagtech.com\/en\/soumission\/\" class=\"elementskit-pricing-btn  ekit-pricing-btn-icon-pos-\" >\n\t\t\t\t\tTell us about your project\t\t\t\t<\/a>\n            <\/div>\n        <\/div>\n\n    <\/div>\t\t\t\t<\/div>\n\t\t\t\t<\/div>\n\t\t\t\t\t<\/div>\n\t\t<\/div>\n\t\t\t\t<div class=\"elementor-column elementor-col-50 elementor-inner-column elementor-element elementor-element-1ecadabb\" data-id=\"1ecadabb\" data-element_type=\"column\">\n\t\t\t<div class=\"elementor-widget-wrap elementor-element-populated\">\n\t\t\t\t\t\t<div class=\"elementor-element elementor-element-244abce2 elementor-widget elementor-widget-elementskit-pricing\" data-id=\"244abce2\" data-element_type=\"widget\" data-widget_type=\"elementskit-pricing.default\">\n\t\t\t\t<div class=\"elementor-widget-container\">\n\t\t\t\t\t<div class=\"ekit-wid-con\" >\n\n        <div class=\"elementskit-single-pricing\" >\n            <div class=\"elementskit-pricing-header\">\n\t\t\t\t                    <figure class=\"elementor-pricing-img\"><img decoding=\"async\" width=\"144\" height=\"144\" src=\"https:\/\/lbmagtech.com\/wp-content\/uploads\/2023\/02\/LBM-icon-faisabilite.png\" class=\"attachment-thumbnail size-thumbnail wp-image-169\" alt=\"ic\u00f4ne faisabilit\u00e9\" \/><\/figure>                \t\t\t\t\n\t\t\t\t                \t<h3\t\t\t\t\tclass=\"elementskit-pricing-title\">\u00c9tudes de faisabilit\u00e9\t\t\t\t\t<\/h3>\n\t\t\t\t\t\t\t\t            <\/div>\n\t\t\t            <div class=\"elementskit-pricing-content\">\n\n                                                    <ul class=\"elementskit-pricing-lists\">\n                        \t\t\t\t\t\t\t<li class=\"elementor-repeater-item-2cf5be1\">\n\t\t\t\t\t\t\t\t\t\t\t\t\t\t\t\t\n\t\t\t\t\t\t\t\tDesign architectural\t\t\t\t\t\t\t\t\n\t\t\t\t\t\t\t\t\t\t\t\t\t\t\t<\/li>\n                        \t\t\t\t\t\t\t<li class=\"elementor-repeater-item-f967a45\">\n\t\t\t\t\t\t\t\t\t\t\t\t\t\t\t\t\n\t\t\t\t\t\t\t\t\u00c9valuation des projets sp\u00e9ciaux\t\t\t\t\t\t\t\t\n\t\t\t\t\t\t\t\t\t\t\t\t\t\t\t<\/li>\n                        \t\t\t\t\t\t\t<li class=\"elementor-repeater-item-70e1cb4\">\n\t\t\t\t\t\t\t\t\t\t\t\t\t\t\t\t\n\t\t\t\t\t\t\t\tEstim\u00e9 pr\u00e9cis des co\u00fbts\t\t\t\t\t\t\t\t\n\t\t\t\t\t\t\t\t\t\t\t\t\t\t\t<\/li>\n                        \t\t\t\t\t\t\t<li class=\"elementor-repeater-item-ab537c0\">\n\t\t\t\t\t\t\t\t\t\t\t\t\t\t\t\t\n\t\t\t\t\t\t\t\tConception des plans\t\t\t\t\t\t\t\t\n\t\t\t\t\t\t\t\t\t\t\t\t\t\t\t<\/li>\n                                            <\/ul>\n                            <\/div>\n            <div class=\"elementskit-pricing-btn-wraper\">\n\t\t\t\t<a href=\"https:\/\/lbmagtech.com\/en\/soumission\/\" class=\"elementskit-pricing-btn  ekit-pricing-btn-icon-pos-left\" >\n\t\t\t\t\tExplorer vos possibilit\u00e9s\t\t\t\t<\/a>\n            <\/div>\n        <\/div>\n\n    <\/div>\t\t\t\t<\/div>\n\t\t\t\t<\/div>\n\t\t\t\t\t<\/div>\n\t\t<\/div>\n\t\t\t\t\t<\/div>\n\t\t<\/section>\n\t\t\t\t\t<\/div>\n\t\t<\/div>\n\t\t\t\t\t<\/div>\n\t\t<\/section>\n\t\t\t\t<section class=\"elementor-section elementor-top-section elementor-element elementor-element-ea9baef elementor-section-height-min-height elementor-section-content-middle elementor-section-boxed elementor-section-height-default elementor-section-items-middle\" data-id=\"ea9baef\" data-element_type=\"section\" data-settings=\"{&quot;background_background&quot;:&quot;classic&quot;}\">\n\t\t\t\t\t\t<div class=\"elementor-container elementor-column-gap-no\">\n\t\t\t\t\t<div class=\"elementor-column elementor-col-33 elementor-top-column elementor-element elementor-element-6c7d03d\" data-id=\"6c7d03d\" data-element_type=\"column\">\n\t\t\t<div class=\"elementor-widget-wrap\">\n\t\t\t\t\t\t\t<\/div>\n\t\t<\/div>\n\t\t\t\t<div class=\"elementor-column elementor-col-33 elementor-top-column elementor-element elementor-element-fbe898f\" data-id=\"fbe898f\" data-element_type=\"column\" data-settings=\"{&quot;background_background&quot;:&quot;classic&quot;}\">\n\t\t\t<div class=\"elementor-widget-wrap elementor-element-populated\">\n\t\t\t\t\t\t<div class=\"elementor-element elementor-element-de72b29 elementor-widget elementor-widget-heading\" data-id=\"de72b29\" data-element_type=\"widget\" data-widget_type=\"heading.default\">\n\t\t\t\t<div class=\"elementor-widget-container\">\n\t\t\t\t\t<h2 class=\"elementor-heading-title elementor-size-default\">Food self-sufficiency within everyone's reach !<\/h2>\t\t\t\t<\/div>\n\t\t\t\t<\/div>\n\t\t\t\t<div class=\"elementor-element elementor-element-52151ee elementor-widget elementor-widget-elementskit-heading\" data-id=\"52151ee\" data-element_type=\"widget\" data-widget_type=\"elementskit-heading.default\">\n\t\t\t\t<div class=\"elementor-widget-container\">\n\t\t\t\t\t<div class=\"ekit-wid-con\" ><div class=\"ekit-heading elementskit-section-title-wraper text_left   ekit_heading_tablet-   ekit_heading_mobile-\"><h2 class=\"ekit-heading--title elementskit-section-title\"><span>Parlez-nous de votre projet !<\/span><\/h2><\/div><\/div>\t\t\t\t<\/div>\n\t\t\t\t<\/div>\n\t\t\t\t<div class=\"elementor-element elementor-element-27555b5 elementor-align-left elementor-widget elementor-widget-button\" data-id=\"27555b5\" data-element_type=\"widget\" data-widget_type=\"button.default\">\n\t\t\t\t<div class=\"elementor-widget-container\">\n\t\t\t\t\t\t\t\t\t<div class=\"elementor-button-wrapper\">\n\t\t\t\t\t<a class=\"elementor-button elementor-button-link elementor-size-sm\" href=\"https:\/\/lbmagtech.com\/en\/contact\/\">\n\t\t\t\t\t\t<span class=\"elementor-button-content-wrapper\">\n\t\t\t\t\t\t\t\t\t<span class=\"elementor-button-text\">CONTACT US<\/span>\n\t\t\t\t\t<\/span>\n\t\t\t\t\t<\/a>\n\t\t\t\t<\/div>\n\t\t\t\t\t\t\t\t<\/div>\n\t\t\t\t<\/div>\n\t\t\t\t\t<\/div>\n\t\t<\/div>\n\t\t\t\t<div class=\"elementor-column elementor-col-33 elementor-top-column elementor-element elementor-element-e294472\" data-id=\"e294472\" data-element_type=\"column\">\n\t\t\t<div class=\"elementor-widget-wrap\">\n\t\t\t\t\t\t\t<\/div>\n\t\t<\/div>\n\t\t\t\t\t<\/div>\n\t\t<\/section>\n\t\t\t\t<\/div>","protected":false},"excerpt":{"rendered":"<p>Conception sur mesure Propuls\u00e9 par notre technologie hydroponique en instance de brevet, nous pouvons convertir des b\u00e2timents d\u00e9saffect\u00e9s en serres de production. En savoir plus Vous avez d\u00e9j\u00e0 votre b\u00e2timent et d\u00e9sirez le convertir? Vous d\u00e9sirez inclure une serre int\u00e9rieure hydroponique \u00e0 un projet existant? Pas de soucis, on est l\u00e0 pour vous. Notre \u00e9quipe [&hellip;]<\/p>","protected":false},"author":3,"featured_media":0,"parent":0,"menu_order":0,"comment_status":"closed","ping_status":"closed","template":"","meta":{"footnotes":""},"class_list":["post-165","page","type-page","status-publish","hentry"],"yoast_head":"<!-- This site is optimized with the Yoast SEO plugin v25.8 - https:\/\/yoast.com\/wordpress\/plugins\/seo\/ -->\n<title>LBM AGTECH - Conception sur mesure<\/title>\n<meta name=\"description\" content=\"Propuls\u00e9 par notre technologie hydroponique en instance de brevet, nous pouvons convertir des b\u00e2timents d\u00e9saffect\u00e9s en serres de production.\" \/>\n<meta name=\"robots\" content=\"index, follow, max-snippet:-1, max-image-preview:large, max-video-preview:-1\" \/>\n<link rel=\"canonical\" href=\"https:\/\/lbmagtech.com\/en\/conception-sur-mesure\/\" \/>\n<meta property=\"og:locale\" content=\"en_US\" \/>\n<meta property=\"og:type\" content=\"article\" \/>\n<meta property=\"og:title\" content=\"LBM AGTECH - Conception sur mesure\" \/>\n<meta property=\"og:description\" content=\"Propuls\u00e9 par notre technologie hydroponique en instance de brevet, nous pouvons convertir des b\u00e2timents d\u00e9saffect\u00e9s en serres de production.\" \/>\n<meta property=\"og:url\" content=\"https:\/\/lbmagtech.com\/en\/conception-sur-mesure\/\" \/>\n<meta property=\"og:site_name\" content=\"LBM AGTECH\" \/>\n<meta property=\"article:publisher\" content=\"https:\/\/www.facebook.com\/lbmagtech\" \/>\n<meta property=\"article:modified_time\" content=\"2023-08-31T13:53:05+00:00\" \/>\n<meta property=\"og:image\" content=\"https:\/\/lbmagtech.com\/wp-content\/uploads\/2023\/02\/LBM-icon-concept.png\" \/>\n<meta name=\"twitter:card\" content=\"summary_large_image\" \/>\n<meta name=\"twitter:label1\" content=\"Est. reading time\" \/>\n\t<meta name=\"twitter:data1\" content=\"3 minutes\" \/>\n<script type=\"application\/ld+json\" class=\"yoast-schema-graph\">{\"@context\":\"https:\/\/schema.org\",\"@graph\":[{\"@type\":\"WebPage\",\"@id\":\"https:\/\/lbmagtech.com\/conception-sur-mesure\/\",\"url\":\"https:\/\/lbmagtech.com\/conception-sur-mesure\/\",\"name\":\"LBM AGTECH - Conception sur mesure\",\"isPartOf\":{\"@id\":\"https:\/\/lbmagtech.com\/#website\"},\"primaryImageOfPage\":{\"@id\":\"https:\/\/lbmagtech.com\/conception-sur-mesure\/#primaryimage\"},\"image\":{\"@id\":\"https:\/\/lbmagtech.com\/conception-sur-mesure\/#primaryimage\"},\"thumbnailUrl\":\"https:\/\/lbmagtech.com\/wp-content\/uploads\/2023\/02\/LBM-icon-concept.png\",\"datePublished\":\"2023-02-21T14:53:43+00:00\",\"dateModified\":\"2023-08-31T13:53:05+00:00\",\"description\":\"Propuls\u00e9 par notre technologie hydroponique en instance de brevet, nous pouvons convertir des b\u00e2timents d\u00e9saffect\u00e9s en serres de production.\",\"breadcrumb\":{\"@id\":\"https:\/\/lbmagtech.com\/conception-sur-mesure\/#breadcrumb\"},\"inLanguage\":\"en-CA\",\"potentialAction\":[{\"@type\":\"ReadAction\",\"target\":[\"https:\/\/lbmagtech.com\/conception-sur-mesure\/\"]}]},{\"@type\":\"ImageObject\",\"inLanguage\":\"en-CA\",\"@id\":\"https:\/\/lbmagtech.com\/conception-sur-mesure\/#primaryimage\",\"url\":\"https:\/\/lbmagtech.com\/wp-content\/uploads\/2023\/02\/LBM-icon-concept.png\",\"contentUrl\":\"https:\/\/lbmagtech.com\/wp-content\/uploads\/2023\/02\/LBM-icon-concept.png\"},{\"@type\":\"BreadcrumbList\",\"@id\":\"https:\/\/lbmagtech.com\/conception-sur-mesure\/#breadcrumb\",\"itemListElement\":[{\"@type\":\"ListItem\",\"position\":1,\"name\":\"Accueil\",\"item\":\"https:\/\/lbmagtech.com\/\"},{\"@type\":\"ListItem\",\"position\":2,\"name\":\"Conception sur mesure\"}]},{\"@type\":\"WebSite\",\"@id\":\"https:\/\/lbmagtech.com\/#website\",\"url\":\"https:\/\/lbmagtech.com\/\",\"name\":\"LBM AGTECH\",\"description\":\"Serres int\u00e9rieures hydroponiques et \u00e9cologique pour la culture mara\u00eech\u00e8re\",\"publisher\":{\"@id\":\"https:\/\/lbmagtech.com\/#organization\"},\"potentialAction\":[{\"@type\":\"SearchAction\",\"target\":{\"@type\":\"EntryPoint\",\"urlTemplate\":\"https:\/\/lbmagtech.com\/?s={search_term_string}\"},\"query-input\":{\"@type\":\"PropertyValueSpecification\",\"valueRequired\":true,\"valueName\":\"search_term_string\"}}],\"inLanguage\":\"en-CA\"},{\"@type\":\"Organization\",\"@id\":\"https:\/\/lbmagtech.com\/#organization\",\"name\":\"LBM AGTECH\",\"alternateName\":\"LBM\",\"url\":\"https:\/\/lbmagtech.com\/\",\"logo\":{\"@type\":\"ImageObject\",\"inLanguage\":\"en-CA\",\"@id\":\"https:\/\/lbmagtech.com\/#\/schema\/logo\/image\/\",\"url\":\"https:\/\/lbmagtech.com\/wp-content\/uploads\/2023\/02\/LBM-logo.png\",\"contentUrl\":\"https:\/\/lbmagtech.com\/wp-content\/uploads\/2023\/02\/LBM-logo.png\",\"width\":1000,\"height\":1000,\"caption\":\"LBM AGTECH\"},\"image\":{\"@id\":\"https:\/\/lbmagtech.com\/#\/schema\/logo\/image\/\"},\"sameAs\":[\"https:\/\/www.facebook.com\/lbmagtech\",\"https:\/\/www.linkedin.com\/company\/lbm-agtech\/\"]}]}<\/script>\n<!-- \/ Yoast SEO plugin. -->","yoast_head_json":{"title":"LBM AGTECH - Conception sur mesure","description":"Propuls\u00e9 par notre technologie hydroponique en instance de brevet, nous pouvons convertir des b\u00e2timents d\u00e9saffect\u00e9s en serres de production.","robots":{"index":"index","follow":"follow","max-snippet":"max-snippet:-1","max-image-preview":"max-image-preview:large","max-video-preview":"max-video-preview:-1"},"canonical":"https:\/\/lbmagtech.com\/en\/conception-sur-mesure\/","og_locale":"en_US","og_type":"article","og_title":"LBM AGTECH - Conception sur mesure","og_description":"Propuls\u00e9 par notre technologie hydroponique en instance de brevet, nous pouvons convertir des b\u00e2timents d\u00e9saffect\u00e9s en serres de production.","og_url":"https:\/\/lbmagtech.com\/en\/conception-sur-mesure\/","og_site_name":"LBM AGTECH","article_publisher":"https:\/\/www.facebook.com\/lbmagtech","article_modified_time":"2023-08-31T13:53:05+00:00","og_image":[{"url":"https:\/\/lbmagtech.com\/wp-content\/uploads\/2023\/02\/LBM-icon-concept.png","type":"","width":"","height":""}],"twitter_card":"summary_large_image","twitter_misc":{"Est. reading time":"3 minutes"},"schema":{"@context":"https:\/\/schema.org","@graph":[{"@type":"WebPage","@id":"https:\/\/lbmagtech.com\/conception-sur-mesure\/","url":"https:\/\/lbmagtech.com\/conception-sur-mesure\/","name":"LBM AGTECH - Conception sur mesure","isPartOf":{"@id":"https:\/\/lbmagtech.com\/#website"},"primaryImageOfPage":{"@id":"https:\/\/lbmagtech.com\/conception-sur-mesure\/#primaryimage"},"image":{"@id":"https:\/\/lbmagtech.com\/conception-sur-mesure\/#primaryimage"},"thumbnailUrl":"https:\/\/lbmagtech.com\/wp-content\/uploads\/2023\/02\/LBM-icon-concept.png","datePublished":"2023-02-21T14:53:43+00:00","dateModified":"2023-08-31T13:53:05+00:00","description":"Propuls\u00e9 par notre technologie hydroponique en instance de brevet, nous pouvons convertir des b\u00e2timents d\u00e9saffect\u00e9s en serres de production.","breadcrumb":{"@id":"https:\/\/lbmagtech.com\/conception-sur-mesure\/#breadcrumb"},"inLanguage":"en-CA","potentialAction":[{"@type":"ReadAction","target":["https:\/\/lbmagtech.com\/conception-sur-mesure\/"]}]},{"@type":"ImageObject","inLanguage":"en-CA","@id":"https:\/\/lbmagtech.com\/conception-sur-mesure\/#primaryimage","url":"https:\/\/lbmagtech.com\/wp-content\/uploads\/2023\/02\/LBM-icon-concept.png","contentUrl":"https:\/\/lbmagtech.com\/wp-content\/uploads\/2023\/02\/LBM-icon-concept.png"},{"@type":"BreadcrumbList","@id":"https:\/\/lbmagtech.com\/conception-sur-mesure\/#breadcrumb","itemListElement":[{"@type":"ListItem","position":1,"name":"Accueil","item":"https:\/\/lbmagtech.com\/"},{"@type":"ListItem","position":2,"name":"Conception sur mesure"}]},{"@type":"WebSite","@id":"https:\/\/lbmagtech.com\/#website","url":"https:\/\/lbmagtech.com\/","name":"LBM AGTECH","description":"Serres int\u00e9rieures hydroponiques et \u00e9cologique pour la culture mara\u00eech\u00e8re","publisher":{"@id":"https:\/\/lbmagtech.com\/#organization"},"potentialAction":[{"@type":"SearchAction","target":{"@type":"EntryPoint","urlTemplate":"https:\/\/lbmagtech.com\/?s={search_term_string}"},"query-input":{"@type":"PropertyValueSpecification","valueRequired":true,"valueName":"search_term_string"}}],"inLanguage":"en-CA"},{"@type":"Organization","@id":"https:\/\/lbmagtech.com\/#organization","name":"LBM AGTECH","alternateName":"LBM","url":"https:\/\/lbmagtech.com\/","logo":{"@type":"ImageObject","inLanguage":"en-CA","@id":"https:\/\/lbmagtech.com\/#\/schema\/logo\/image\/","url":"https:\/\/lbmagtech.com\/wp-content\/uploads\/2023\/02\/LBM-logo.png","contentUrl":"https:\/\/lbmagtech.com\/wp-content\/uploads\/2023\/02\/LBM-logo.png","width":1000,"height":1000,"caption":"LBM AGTECH"},"image":{"@id":"https:\/\/lbmagtech.com\/#\/schema\/logo\/image\/"},"sameAs":["https:\/\/www.facebook.com\/lbmagtech","https:\/\/www.linkedin.com\/company\/lbm-agtech\/"]}]}},"_links":{"self":[{"href":"https:\/\/lbmagtech.com\/en\/wp-json\/wp\/v2\/pages\/165","targetHints":{"allow":["GET"]}}],"collection":[{"href":"https:\/\/lbmagtech.com\/en\/wp-json\/wp\/v2\/pages"}],"about":[{"href":"https:\/\/lbmagtech.com\/en\/wp-json\/wp\/v2\/types\/page"}],"author":[{"embeddable":true,"href":"https:\/\/lbmagtech.com\/en\/wp-json\/wp\/v2\/users\/3"}],"replies":[{"embeddable":true,"href":"https:\/\/lbmagtech.com\/en\/wp-json\/wp\/v2\/comments?post=165"}],"version-history":[{"count":50,"href":"https:\/\/lbmagtech.com\/en\/wp-json\/wp\/v2\/pages\/165\/revisions"}],"predecessor-version":[{"id":1488,"href":"https:\/\/lbmagtech.com\/en\/wp-json\/wp\/v2\/pages\/165\/revisions\/1488"}],"wp:attachment":[{"href":"https:\/\/lbmagtech.com\/en\/wp-json\/wp\/v2\/media?parent=165"}],"curies":[{"name":"wp","href":"https:\/\/api.w.org\/{rel}","templated":true}]}}