{"id":268,"date":"2023-02-21T20:47:08","date_gmt":"2023-02-21T20:47:08","guid":{"rendered":"https:\/\/lbmagtech.com\/?page_id=268"},"modified":"2025-09-02T21:32:19","modified_gmt":"2025-09-02T21:32:19","slug":"contact","status":"publish","type":"page","link":"https:\/\/lbmagtech.com\/en\/contact\/","title":{"rendered":"Contact us"},"content":{"rendered":"<div data-elementor-type=\"wp-page\" data-elementor-id=\"268\" class=\"elementor elementor-268\">\n\t\t\t\t\t\t<section class=\"elementor-section elementor-top-section elementor-element elementor-element-2646f546 elementor-section-content-middle elementor-section-boxed elementor-section-height-default elementor-section-height-default\" data-id=\"2646f546\" data-element_type=\"section\" data-settings=\"{&quot;background_background&quot;:&quot;classic&quot;}\">\n\t\t\t\t\t\t\t<div class=\"elementor-background-overlay\"><\/div>\n\t\t\t\t\t\t\t<div class=\"elementor-container elementor-column-gap-default\">\n\t\t\t\t\t<div class=\"elementor-column elementor-col-100 elementor-top-column elementor-element elementor-element-77c73a65\" data-id=\"77c73a65\" data-element_type=\"column\">\n\t\t\t<div class=\"elementor-widget-wrap elementor-element-populated\">\n\t\t\t\t\t\t<div class=\"elementor-element elementor-element-6bacc6b1 elementor-widget elementor-widget-elementskit-heading\" data-id=\"6bacc6b1\" data-element_type=\"widget\" data-widget_type=\"elementskit-heading.default\">\n\t\t\t\t<div class=\"elementor-widget-container\">\n\t\t\t\t\t<div class=\"ekit-wid-con\" ><div class=\"ekit-heading elementskit-section-title-wraper text_center   ekit_heading_tablet-   ekit_heading_mobile-\"><h2 class=\"ekit-heading--title elementskit-section-title\">CONTACT US<\/h2><h3 class=\"ekit-heading--subtitle elementskit-section-subtitle\">\n\t\t\t\t\t\tTell us about your project\n\t\t\t\t\t<\/h3>\t\t\t\t<div class='ekit-heading__description'>\n\t\t\t\t\t<p>Do you have a project in mind or want information about our solutions?<\/p>\n\t\t\t\t<\/div>\n\t\t\t<\/div><\/div>\t\t\t\t<\/div>\n\t\t\t\t<\/div>\n\t\t\t\t<div class=\"elementor-element elementor-element-2b4b4c5e elementor-align-left elementor-widget__width-auto elementor-widget elementor-widget-elementskit-button\" data-id=\"2b4b4c5e\" data-element_type=\"widget\" data-widget_type=\"elementskit-button.default\">\n\t\t\t\t<div class=\"elementor-widget-container\">\n\t\t\t\t\t<div class=\"ekit-wid-con\" >\t\t<div class=\"ekit-btn-wraper\">\n\t\t\t\t\t\t\t<a href=\"https:\/\/lbmagtech.com\/en\/soumission\/\" class=\"elementskit-btn  whitespace--normal\" id=\"\">\n\t\t\t\t\tFILL THE FORM\t\t\t\t<\/a>\n\t\t\t\t\t<\/div>\n        <\/div>\t\t\t\t<\/div>\n\t\t\t\t<\/div>\n\t\t\t\t\t<\/div>\n\t\t<\/div>\n\t\t\t\t\t<\/div>\n\t\t<\/section>\n\t\t\t\t<section class=\"elementor-section elementor-top-section elementor-element elementor-element-6ed9911 elementor-section-content-middle elementor-reverse-mobile elementor-section-boxed elementor-section-height-default elementor-section-height-default\" data-id=\"6ed9911\" data-element_type=\"section\">\n\t\t\t\t\t\t<div class=\"elementor-container elementor-column-gap-no\">\n\t\t\t\t\t<div class=\"elementor-column elementor-col-50 elementor-top-column elementor-element elementor-element-676ae8b9\" data-id=\"676ae8b9\" data-element_type=\"column\">\n\t\t\t<div class=\"elementor-widget-wrap elementor-element-populated\">\n\t\t\t\t\t\t<div class=\"elementor-element elementor-element-691117ec elementor-widget elementor-widget-google_maps\" data-id=\"691117ec\" data-element_type=\"widget\" data-widget_type=\"google_maps.default\">\n\t\t\t\t<div class=\"elementor-widget-container\">\n\t\t\t\t\t\t\t<div class=\"elementor-custom-embed\">\n\t\t\t<iframe loading=\"lazy\"\n\t\t\t\t\tsrc=\"https:\/\/maps.google.com\/maps?q=15%20des%20pavillons%2C%20St-Damiende%20Buckland%2C%20G0R%202Y0&#038;t=m&#038;z=18&#038;output=embed&#038;iwloc=near\"\n\t\t\t\t\ttitle=\"15 des pavillons, St-Damiende Buckland, G0R 2Y0\"\n\t\t\t\t\taria-label=\"15 des pavillons, St-Damiende Buckland, G0R 2Y0\"\n\t\t\t><\/iframe>\n\t\t<\/div>\n\t\t\t\t\t\t<\/div>\n\t\t\t\t<\/div>\n\t\t\t\t\t<\/div>\n\t\t<\/div>\n\t\t\t\t<div class=\"elementor-column elementor-col-50 elementor-top-column elementor-element elementor-element-29253d5\" data-id=\"29253d5\" data-element_type=\"column\">\n\t\t\t<div class=\"elementor-widget-wrap elementor-element-populated\">\n\t\t\t\t\t\t<div class=\"elementor-element elementor-element-56d05b57 elementor-widget elementor-widget-heading\" data-id=\"56d05b57\" data-element_type=\"widget\" data-widget_type=\"heading.default\">\n\t\t\t\t<div class=\"elementor-widget-container\">\n\t\t\t\t\t<h4 class=\"elementor-heading-title elementor-size-default\">Contact us<\/h4>\t\t\t\t<\/div>\n\t\t\t\t<\/div>\n\t\t\t\t<section class=\"elementor-section elementor-inner-section elementor-element elementor-element-5a09adda elementor-section-boxed elementor-section-height-default elementor-section-height-default\" data-id=\"5a09adda\" data-element_type=\"section\">\n\t\t\t\t\t\t<div class=\"elementor-container elementor-column-gap-default\">\n\t\t\t\t\t<div class=\"elementor-column elementor-col-50 elementor-inner-column elementor-element elementor-element-6815b40d\" data-id=\"6815b40d\" data-element_type=\"column\">\n\t\t\t<div class=\"elementor-widget-wrap elementor-element-populated\">\n\t\t\t\t\t\t<div class=\"elementor-element elementor-element-45e42e elementor-widget elementor-widget-heading\" data-id=\"45e42e\" data-element_type=\"widget\" data-widget_type=\"heading.default\">\n\t\t\t\t<div class=\"elementor-widget-container\">\n\t\t\t\t\t<div class=\"elementor-heading-title elementor-size-default\">Localisation<\/div>\t\t\t\t<\/div>\n\t\t\t\t<\/div>\n\t\t\t\t<div class=\"elementor-element elementor-element-7fac7870 elementor-widget elementor-widget-text-editor\" data-id=\"7fac7870\" data-element_type=\"widget\" data-widget_type=\"text-editor.default\">\n\t\t\t\t<div class=\"elementor-widget-container\">\n\t\t\t\t\t\t\t\t\t<p>15 des pavillons,<\/p><p>St-Damien de Buckland, Qc,<\/p><p>G0R 2Y0<\/p>\t\t\t\t\t\t\t\t<\/div>\n\t\t\t\t<\/div>\n\t\t\t\t\t<\/div>\n\t\t<\/div>\n\t\t\t\t<div class=\"elementor-column elementor-col-50 elementor-inner-column elementor-element elementor-element-0d37251\" data-id=\"0d37251\" data-element_type=\"column\">\n\t\t\t<div class=\"elementor-widget-wrap elementor-element-populated\">\n\t\t\t\t\t\t<div class=\"elementor-element elementor-element-503bc52 elementor-widget elementor-widget-heading\" data-id=\"503bc52\" data-element_type=\"widget\" data-widget_type=\"heading.default\">\n\t\t\t\t<div class=\"elementor-widget-container\">\n\t\t\t\t\t<div class=\"elementor-heading-title elementor-size-default\">Information<\/div>\t\t\t\t<\/div>\n\t\t\t\t<\/div>\n\t\t\t\t<div class=\"elementor-element elementor-element-f430a95 elementor-widget elementor-widget-text-editor\" data-id=\"f430a95\" data-element_type=\"widget\" data-widget_type=\"text-editor.default\">\n\t\t\t\t<div class=\"elementor-widget-container\">\n\t\t\t\t\t\t\t\t\t<p><strong>Courriel: <a href=\"mailto:info@lbmagtech.com\" target=\"_blank\" rel=\"noopener\">info@lbmagtech.com<\/a><\/strong><\/p>\t\t\t\t\t\t\t\t<\/div>\n\t\t\t\t<\/div>\n\t\t\t\t\t<\/div>\n\t\t<\/div>\n\t\t\t\t\t<\/div>\n\t\t<\/section>\n\t\t\t\t<section class=\"elementor-section elementor-inner-section elementor-element elementor-element-378e89c3 elementor-section-boxed elementor-section-height-default elementor-section-height-default\" data-id=\"378e89c3\" data-element_type=\"section\">\n\t\t\t\t\t\t<div class=\"elementor-container elementor-column-gap-default\">\n\t\t\t\t\t<div class=\"elementor-column elementor-col-50 elementor-inner-column elementor-element elementor-element-10e98a2c\" data-id=\"10e98a2c\" data-element_type=\"column\">\n\t\t\t<div class=\"elementor-widget-wrap elementor-element-populated\">\n\t\t\t\t\t\t<div class=\"elementor-element elementor-element-628941a1 elementor-widget elementor-widget-heading\" data-id=\"628941a1\" data-element_type=\"widget\" data-widget_type=\"heading.default\">\n\t\t\t\t<div class=\"elementor-widget-container\">\n\t\t\t\t\t<div class=\"elementor-heading-title elementor-size-default\">Working hours<\/div>\t\t\t\t<\/div>\n\t\t\t\t<\/div>\n\t\t\t\t<div class=\"elementor-element elementor-element-5a804d9b elementor-widget elementor-widget-text-editor\" data-id=\"5a804d9b\" data-element_type=\"widget\" data-widget_type=\"text-editor.default\">\n\t\t\t\t<div class=\"elementor-widget-container\">\n\t\t\t\t\t\t\t\t\t<p>LUN-VEN 09:00 &#8211; 17:00<\/p>\t\t\t\t\t\t\t\t<\/div>\n\t\t\t\t<\/div>\n\t\t\t\t\t<\/div>\n\t\t<\/div>\n\t\t\t\t<div class=\"elementor-column elementor-col-50 elementor-inner-column elementor-element elementor-element-14aa2ed3\" data-id=\"14aa2ed3\" data-element_type=\"column\">\n\t\t\t<div class=\"elementor-widget-wrap elementor-element-populated\">\n\t\t\t\t\t\t<div class=\"elementor-element elementor-element-4864eada elementor-widget elementor-widget-heading\" data-id=\"4864eada\" data-element_type=\"widget\" data-widget_type=\"heading.default\">\n\t\t\t\t<div class=\"elementor-widget-container\">\n\t\t\t\t\t<div class=\"elementor-heading-title elementor-size-default\">FOLLOW US<\/div>\t\t\t\t<\/div>\n\t\t\t\t<\/div>\n\t\t\t\t<div class=\"elementor-element elementor-element-3047b453 elementor-shape-circle e-grid-align-left elementor-grid-0 elementor-widget elementor-widget-social-icons\" data-id=\"3047b453\" data-element_type=\"widget\" data-widget_type=\"social-icons.default\">\n\t\t\t\t<div class=\"elementor-widget-container\">\n\t\t\t\t\t\t\t<div class=\"elementor-social-icons-wrapper elementor-grid\" role=\"list\">\n\t\t\t\t\t\t\t<span class=\"elementor-grid-item\" role=\"listitem\">\n\t\t\t\t\t<a class=\"elementor-icon elementor-social-icon elementor-social-icon-facebook-f elementor-animation-grow elementor-repeater-item-2d0da0c\" href=\"https:\/\/www.facebook.com\/lbmagtech\" target=\"_blank\">\n\t\t\t\t\t\t<span class=\"elementor-screen-only\">Facebook-f<\/span>\n\t\t\t\t\t\t<i class=\"fab fa-facebook-f\"><\/i>\t\t\t\t\t<\/a>\n\t\t\t\t<\/span>\n\t\t\t\t\t\t\t<span class=\"elementor-grid-item\" role=\"listitem\">\n\t\t\t\t\t<a class=\"elementor-icon elementor-social-icon elementor-social-icon-linkedin elementor-animation-grow elementor-repeater-item-914746e\" href=\"https:\/\/www.linkedin.com\/company\/lbm-agtech\/\" target=\"_blank\">\n\t\t\t\t\t\t<span class=\"elementor-screen-only\">Linkedin<\/span>\n\t\t\t\t\t\t<i class=\"fab fa-linkedin\"><\/i>\t\t\t\t\t<\/a>\n\t\t\t\t<\/span>\n\t\t\t\t\t<\/div>\n\t\t\t\t\t\t<\/div>\n\t\t\t\t<\/div>\n\t\t\t\t\t<\/div>\n\t\t<\/div>\n\t\t\t\t\t<\/div>\n\t\t<\/section>\n\t\t\t\t\t<\/div>\n\t\t<\/div>\n\t\t\t\t\t<\/div>\n\t\t<\/section>\n\t\t\t\t<section class=\"elementor-section elementor-top-section elementor-element elementor-element-a08f8df elementor-section-height-min-height elementor-section-content-middle elementor-section-boxed elementor-section-height-default elementor-section-items-middle\" data-id=\"a08f8df\" data-element_type=\"section\" data-settings=\"{&quot;background_background&quot;:&quot;classic&quot;}\">\n\t\t\t\t\t\t<div class=\"elementor-container elementor-column-gap-no\">\n\t\t\t\t\t<div class=\"elementor-column elementor-col-33 elementor-top-column elementor-element elementor-element-0752961\" data-id=\"0752961\" data-element_type=\"column\">\n\t\t\t<div class=\"elementor-widget-wrap\">\n\t\t\t\t\t\t\t<\/div>\n\t\t<\/div>\n\t\t\t\t<div class=\"elementor-column elementor-col-33 elementor-top-column elementor-element elementor-element-6f8f379\" data-id=\"6f8f379\" data-element_type=\"column\" data-settings=\"{&quot;background_background&quot;:&quot;classic&quot;}\">\n\t\t\t<div class=\"elementor-widget-wrap elementor-element-populated\">\n\t\t\t\t\t\t<div class=\"elementor-element elementor-element-5cd68c6 elementor-widget elementor-widget-heading\" data-id=\"5cd68c6\" data-element_type=\"widget\" data-widget_type=\"heading.default\">\n\t\t\t\t<div class=\"elementor-widget-container\">\n\t\t\t\t\t<h2 class=\"elementor-heading-title elementor-size-default\">Food self-sufficiency within everyone's reach !<\/h2>\t\t\t\t<\/div>\n\t\t\t\t<\/div>\n\t\t\t\t<div class=\"elementor-element elementor-element-ba74851 elementor-widget elementor-widget-elementskit-heading\" data-id=\"ba74851\" data-element_type=\"widget\" data-widget_type=\"elementskit-heading.default\">\n\t\t\t\t<div class=\"elementor-widget-container\">\n\t\t\t\t\t<div class=\"ekit-wid-con\" ><div class=\"ekit-heading elementskit-section-title-wraper text_left   ekit_heading_tablet-   ekit_heading_mobile-\"><h2 class=\"ekit-heading--title elementskit-section-title\"><span>LET'S WORK TOGETHER<\/span><\/h2><\/div><\/div>\t\t\t\t<\/div>\n\t\t\t\t<\/div>\n\t\t\t\t<div class=\"elementor-element elementor-element-6c14951 elementor-align-left elementor-widget elementor-widget-button\" data-id=\"6c14951\" data-element_type=\"widget\" data-widget_type=\"button.default\">\n\t\t\t\t<div class=\"elementor-widget-container\">\n\t\t\t\t\t\t\t\t\t<div class=\"elementor-button-wrapper\">\n\t\t\t\t\t<a class=\"elementor-button elementor-button-link elementor-size-sm\" href=\"https:\/\/lbmagtech.com\/en\/soumission\/\">\n\t\t\t\t\t\t<span class=\"elementor-button-content-wrapper\">\n\t\t\t\t\t\t\t\t\t<span class=\"elementor-button-text\">REMPLIR LE FORMULAIRE<\/span>\n\t\t\t\t\t<\/span>\n\t\t\t\t\t<\/a>\n\t\t\t\t<\/div>\n\t\t\t\t\t\t\t\t<\/div>\n\t\t\t\t<\/div>\n\t\t\t\t\t<\/div>\n\t\t<\/div>\n\t\t\t\t<div class=\"elementor-column elementor-col-33 elementor-top-column elementor-element elementor-element-b013aac\" data-id=\"b013aac\" data-element_type=\"column\">\n\t\t\t<div class=\"elementor-widget-wrap\">\n\t\t\t\t\t\t\t<\/div>\n\t\t<\/div>\n\t\t\t\t\t<\/div>\n\t\t<\/section>\n\t\t\t\t<\/div>","protected":false},"excerpt":{"rendered":"<p>CONTACT Parlez-nous de votre projet Vous avez un projet en t\u00eate, d\u00e9sirez de l\u2019information sur nos solutions? Remplissez Ce formulaire Pour nous joindre Location 15 des pavillons, St-Damien de Buckland, Qc, G0R 2Y0 INFORMAtions Courriel: info@lbmagtech.com Nos heures d&rsquo;op\u00e9rations LUN-VEN 09:00 &#8211; 17:00 SUIVEZ-NOUS Facebook-f Linkedin L\u2019autonomie alimentaire \u00e0 la port\u00e9e de tous ! TRAVAILLONS [&hellip;]<\/p>","protected":false},"author":3,"featured_media":0,"parent":0,"menu_order":0,"comment_status":"closed","ping_status":"closed","template":"","meta":{"footnotes":""},"class_list":["post-268","page","type-page","status-publish","hentry"],"yoast_head":"<!-- This site is optimized with the Yoast SEO plugin v25.8 - https:\/\/yoast.com\/wordpress\/plugins\/seo\/ -->\n<title>Contact - LBM AGTECH<\/title>\n<meta name=\"robots\" content=\"index, follow, max-snippet:-1, max-image-preview:large, max-video-preview:-1\" \/>\n<link rel=\"canonical\" href=\"https:\/\/lbmagtech.com\/en\/contact\/\" \/>\n<meta property=\"og:locale\" content=\"en_US\" \/>\n<meta property=\"og:type\" content=\"article\" \/>\n<meta property=\"og:title\" content=\"Contact - LBM AGTECH\" \/>\n<meta property=\"og:description\" content=\"CONTACT Parlez-nous de votre projet Vous avez un projet en t\u00eate, d\u00e9sirez de l\u2019information sur nos solutions? Remplissez Ce formulaire Pour nous joindre Location 15 des pavillons, St-Damien de Buckland, Qc, G0R 2Y0 INFORMAtions Courriel: info@lbmagtech.com Nos heures d&rsquo;op\u00e9rations LUN-VEN 09:00 &#8211; 17:00 SUIVEZ-NOUS Facebook-f Linkedin L\u2019autonomie alimentaire \u00e0 la port\u00e9e de tous ! TRAVAILLONS [&hellip;]\" \/>\n<meta property=\"og:url\" content=\"https:\/\/lbmagtech.com\/en\/contact\/\" \/>\n<meta property=\"og:site_name\" content=\"LBM AGTECH\" \/>\n<meta property=\"article:publisher\" content=\"https:\/\/www.facebook.com\/lbmagtech\" \/>\n<meta property=\"article:modified_time\" content=\"2025-09-02T21:32:19+00:00\" \/>\n<meta name=\"twitter:card\" content=\"summary_large_image\" \/>\n<meta name=\"twitter:label1\" content=\"Est. reading time\" \/>\n\t<meta name=\"twitter:data1\" content=\"1 minute\" \/>\n<script type=\"application\/ld+json\" class=\"yoast-schema-graph\">{\"@context\":\"https:\/\/schema.org\",\"@graph\":[{\"@type\":\"WebPage\",\"@id\":\"https:\/\/lbmagtech.com\/contact\/\",\"url\":\"https:\/\/lbmagtech.com\/contact\/\",\"name\":\"Contact - LBM AGTECH\",\"isPartOf\":{\"@id\":\"https:\/\/lbmagtech.com\/#website\"},\"datePublished\":\"2023-02-21T20:47:08+00:00\",\"dateModified\":\"2025-09-02T21:32:19+00:00\",\"breadcrumb\":{\"@id\":\"https:\/\/lbmagtech.com\/contact\/#breadcrumb\"},\"inLanguage\":\"en-CA\",\"potentialAction\":[{\"@type\":\"ReadAction\",\"target\":[\"https:\/\/lbmagtech.com\/contact\/\"]}]},{\"@type\":\"BreadcrumbList\",\"@id\":\"https:\/\/lbmagtech.com\/contact\/#breadcrumb\",\"itemListElement\":[{\"@type\":\"ListItem\",\"position\":1,\"name\":\"Accueil\",\"item\":\"https:\/\/lbmagtech.com\/\"},{\"@type\":\"ListItem\",\"position\":2,\"name\":\"Contact\"}]},{\"@type\":\"WebSite\",\"@id\":\"https:\/\/lbmagtech.com\/#website\",\"url\":\"https:\/\/lbmagtech.com\/\",\"name\":\"LBM AGTECH\",\"description\":\"Serres int\u00e9rieures hydroponiques et \u00e9cologique pour la culture mara\u00eech\u00e8re\",\"publisher\":{\"@id\":\"https:\/\/lbmagtech.com\/#organization\"},\"potentialAction\":[{\"@type\":\"SearchAction\",\"target\":{\"@type\":\"EntryPoint\",\"urlTemplate\":\"https:\/\/lbmagtech.com\/?s={search_term_string}\"},\"query-input\":{\"@type\":\"PropertyValueSpecification\",\"valueRequired\":true,\"valueName\":\"search_term_string\"}}],\"inLanguage\":\"en-CA\"},{\"@type\":\"Organization\",\"@id\":\"https:\/\/lbmagtech.com\/#organization\",\"name\":\"LBM AGTECH\",\"alternateName\":\"LBM\",\"url\":\"https:\/\/lbmagtech.com\/\",\"logo\":{\"@type\":\"ImageObject\",\"inLanguage\":\"en-CA\",\"@id\":\"https:\/\/lbmagtech.com\/#\/schema\/logo\/image\/\",\"url\":\"https:\/\/lbmagtech.com\/wp-content\/uploads\/2023\/02\/LBM-logo.png\",\"contentUrl\":\"https:\/\/lbmagtech.com\/wp-content\/uploads\/2023\/02\/LBM-logo.png\",\"width\":1000,\"height\":1000,\"caption\":\"LBM AGTECH\"},\"image\":{\"@id\":\"https:\/\/lbmagtech.com\/#\/schema\/logo\/image\/\"},\"sameAs\":[\"https:\/\/www.facebook.com\/lbmagtech\",\"https:\/\/www.linkedin.com\/company\/lbm-agtech\/\"]}]}<\/script>\n<!-- \/ Yoast SEO plugin. -->","yoast_head_json":{"title":"Contact - LBM AGTECH","robots":{"index":"index","follow":"follow","max-snippet":"max-snippet:-1","max-image-preview":"max-image-preview:large","max-video-preview":"max-video-preview:-1"},"canonical":"https:\/\/lbmagtech.com\/en\/contact\/","og_locale":"en_US","og_type":"article","og_title":"Contact - LBM AGTECH","og_description":"CONTACT Parlez-nous de votre projet Vous avez un projet en t\u00eate, d\u00e9sirez de l\u2019information sur nos solutions? Remplissez Ce formulaire Pour nous joindre Location 15 des pavillons, St-Damien de Buckland, Qc, G0R 2Y0 INFORMAtions Courriel: info@lbmagtech.com Nos heures d&rsquo;op\u00e9rations LUN-VEN 09:00 &#8211; 17:00 SUIVEZ-NOUS Facebook-f Linkedin L\u2019autonomie alimentaire \u00e0 la port\u00e9e de tous ! TRAVAILLONS [&hellip;]","og_url":"https:\/\/lbmagtech.com\/en\/contact\/","og_site_name":"LBM AGTECH","article_publisher":"https:\/\/www.facebook.com\/lbmagtech","article_modified_time":"2025-09-02T21:32:19+00:00","twitter_card":"summary_large_image","twitter_misc":{"Est. reading time":"1 minute"},"schema":{"@context":"https:\/\/schema.org","@graph":[{"@type":"WebPage","@id":"https:\/\/lbmagtech.com\/contact\/","url":"https:\/\/lbmagtech.com\/contact\/","name":"Contact - LBM AGTECH","isPartOf":{"@id":"https:\/\/lbmagtech.com\/#website"},"datePublished":"2023-02-21T20:47:08+00:00","dateModified":"2025-09-02T21:32:19+00:00","breadcrumb":{"@id":"https:\/\/lbmagtech.com\/contact\/#breadcrumb"},"inLanguage":"en-CA","potentialAction":[{"@type":"ReadAction","target":["https:\/\/lbmagtech.com\/contact\/"]}]},{"@type":"BreadcrumbList","@id":"https:\/\/lbmagtech.com\/contact\/#breadcrumb","itemListElement":[{"@type":"ListItem","position":1,"name":"Accueil","item":"https:\/\/lbmagtech.com\/"},{"@type":"ListItem","position":2,"name":"Contact"}]},{"@type":"WebSite","@id":"https:\/\/lbmagtech.com\/#website","url":"https:\/\/lbmagtech.com\/","name":"LBM AGTECH","description":"Serres int\u00e9rieures hydroponiques et \u00e9cologique pour la culture mara\u00eech\u00e8re","publisher":{"@id":"https:\/\/lbmagtech.com\/#organization"},"potentialAction":[{"@type":"SearchAction","target":{"@type":"EntryPoint","urlTemplate":"https:\/\/lbmagtech.com\/?s={search_term_string}"},"query-input":{"@type":"PropertyValueSpecification","valueRequired":true,"valueName":"search_term_string"}}],"inLanguage":"en-CA"},{"@type":"Organization","@id":"https:\/\/lbmagtech.com\/#organization","name":"LBM AGTECH","alternateName":"LBM","url":"https:\/\/lbmagtech.com\/","logo":{"@type":"ImageObject","inLanguage":"en-CA","@id":"https:\/\/lbmagtech.com\/#\/schema\/logo\/image\/","url":"https:\/\/lbmagtech.com\/wp-content\/uploads\/2023\/02\/LBM-logo.png","contentUrl":"https:\/\/lbmagtech.com\/wp-content\/uploads\/2023\/02\/LBM-logo.png","width":1000,"height":1000,"caption":"LBM AGTECH"},"image":{"@id":"https:\/\/lbmagtech.com\/#\/schema\/logo\/image\/"},"sameAs":["https:\/\/www.facebook.com\/lbmagtech","https:\/\/www.linkedin.com\/company\/lbm-agtech\/"]}]}},"_links":{"self":[{"href":"https:\/\/lbmagtech.com\/en\/wp-json\/wp\/v2\/pages\/268","targetHints":{"allow":["GET"]}}],"collection":[{"href":"https:\/\/lbmagtech.com\/en\/wp-json\/wp\/v2\/pages"}],"about":[{"href":"https:\/\/lbmagtech.com\/en\/wp-json\/wp\/v2\/types\/page"}],"author":[{"embeddable":true,"href":"https:\/\/lbmagtech.com\/en\/wp-json\/wp\/v2\/users\/3"}],"replies":[{"embeddable":true,"href":"https:\/\/lbmagtech.com\/en\/wp-json\/wp\/v2\/comments?post=268"}],"version-history":[{"count":58,"href":"https:\/\/lbmagtech.com\/en\/wp-json\/wp\/v2\/pages\/268\/revisions"}],"predecessor-version":[{"id":1807,"href":"https:\/\/lbmagtech.com\/en\/wp-json\/wp\/v2\/pages\/268\/revisions\/1807"}],"wp:attachment":[{"href":"https:\/\/lbmagtech.com\/en\/wp-json\/wp\/v2\/media?parent=268"}],"curies":[{"name":"wp","href":"https:\/\/api.w.org\/{rel}","templated":true}]}}