{"id":3,"date":"2023-02-20T18:42:57","date_gmt":"2023-02-20T18:42:57","guid":{"rendered":"https:\/\/lbmagtech.com\/?page_id=3"},"modified":"2023-10-03T15:53:55","modified_gmt":"2023-10-03T15:53:55","slug":"politique-de-confidentialite","status":"publish","type":"page","link":"https:\/\/lbmagtech.com\/en\/politique-de-confidentialite\/","title":{"rendered":"Politique de confidentialit\u00e9"},"content":{"rendered":"<div data-elementor-type=\"wp-page\" data-elementor-id=\"3\" class=\"elementor elementor-3\">\n\t\t\t\t\t\t<section class=\"elementor-section elementor-top-section elementor-element elementor-element-252017eb elementor-section-boxed elementor-section-height-default elementor-section-height-default\" data-id=\"252017eb\" data-element_type=\"section\">\n\t\t\t\t\t\t<div class=\"elementor-container elementor-column-gap-default\">\n\t\t\t\t\t<div class=\"elementor-column elementor-col-100 elementor-top-column elementor-element elementor-element-20c01bd8\" data-id=\"20c01bd8\" data-element_type=\"column\">\n\t\t\t<div class=\"elementor-widget-wrap elementor-element-populated\">\n\t\t\t\t\t\t<div class=\"elementor-element elementor-element-c97549c elementor-widget elementor-widget-heading\" data-id=\"c97549c\" data-element_type=\"widget\" data-widget_type=\"heading.default\">\n\t\t\t\t<div class=\"elementor-widget-container\">\n\t\t\t\t\t<h2 class=\"elementor-heading-title elementor-size-default\">Politique de confidentialit\u00e9\n<\/h2>\t\t\t\t<\/div>\n\t\t\t\t<\/div>\n\t\t\t\t<div class=\"elementor-element elementor-element-56e5fa7 elementor-widget elementor-widget-text-editor\" data-id=\"56e5fa7\" data-element_type=\"widget\" data-widget_type=\"text-editor.default\">\n\t\t\t\t<div class=\"elementor-widget-container\">\n\t\t\t\t\t\t\t\t\t\n<div class=\"elementor-element elementor-element-913239a elementor-widget elementor-widget-heading\" data-id=\"913239a\" data-element_type=\"widget\" data-widget_type=\"heading.default\">\n<div class=\"elementor-widget-container\">\n<h1 class=\"elementor-heading-title elementor-size-default wp-block-heading\" style=\"text-align: center;\">\u00a0<\/h1>\n<\/div>\n<\/div>\n<div class=\"elementor-element elementor-element-861ff63 elementor-widget elementor-widget-text-editor\" style=\"text-align: center;\" data-id=\"861ff63\" data-element_type=\"widget\" data-widget_type=\"text-editor.default\">\n<div class=\"elementor-widget-container\">\n<p>La pr\u00e9sente politique de confidentialit\u00e9 r\u00e9git la mani\u00e8re dont LBM Agtech collecte, utilise, conserve et divulgue les informations collect\u00e9es aupr\u00e8s des utilisateurs (ci-apr\u00e8s d\u00e9sign\u00e9s \u00ab Utilisateurs \u00bb) de <strong><a href=\"https:\/\/lbmagtech.com\/en\/\">www.lbmagtech.com<\/a><\/strong> (ci-apr\u00e8s d\u00e9sign\u00e9 \u00ab le Site web \u00bb). Cette politique de confidentialit\u00e9 s\u2019applique au Site web et \u00e0 tous les produits et services offerts par LBM Agtech.<\/p>\n<\/div>\n<\/div>\n<div class=\"elementor-element elementor-element-3f490c9 elementor-widget elementor-widget-heading\" style=\"text-align: center;\" data-id=\"3f490c9\" data-element_type=\"widget\" data-widget_type=\"heading.default\">\n<div class=\"elementor-widget-container\">\n<h2 class=\"elementor-heading-title elementor-size-default\">Collecte d&rsquo;informations personnelles<\/h2>\n<\/div>\n<\/div>\n<div class=\"elementor-element elementor-element-e7b9795 elementor-widget elementor-widget-text-editor\" style=\"text-align: center;\" data-id=\"e7b9795\" data-element_type=\"widget\" data-widget_type=\"text-editor.default\">\n<div class=\"elementor-widget-container\">\n<p>Nous pouvons collecter des informations personnelles aupr\u00e8s des Utilisateurs de diverses mani\u00e8res, notamment lorsque les Utilisateurs visitent notre Site web, remplissent un formulaire, s\u2019abonnent \u00e0 la newsletter, r\u00e9pondent \u00e0 un sondage, remplissent un formulaire de contact ou interagissent avec d\u2019autres fonctionnalit\u00e9s, services, activit\u00e9s ou ressources que nous mettons \u00e0 disposition sur notre Site web. Les Utilisateurs peuvent \u00eatre invit\u00e9s \u00e0 fournir leur nom, leur adresse e-mail, leur num\u00e9ro de t\u00e9l\u00e9phone ou d\u2019autres informations pertinentes. Les Utilisateurs peuvent \u00e9galement visiter notre Site web de mani\u00e8re anonyme. Nous collecterons des informations personnelles aupr\u00e8s des Utilisateurs uniquement s\u2019ils nous les fournissent volontairement. Les Utilisateurs peuvent refuser de fournir des informations personnelles, sauf que cela pourrait les emp\u00eacher de participer \u00e0 certaines activit\u00e9s li\u00e9es au Site web.<\/p>\n<\/div>\n<\/div>\n<div class=\"elementor-element elementor-element-9ed42fc elementor-widget elementor-widget-heading\" style=\"text-align: center;\" data-id=\"9ed42fc\" data-element_type=\"widget\" data-widget_type=\"heading.default\">\n<div class=\"elementor-widget-container\">\n<h2 class=\"elementor-heading-title elementor-size-default\">Utilisation des informations collect\u00e9es<\/h2>\n<\/div>\n<\/div>\n<div class=\"elementor-element elementor-element-2a8784c elementor-widget elementor-widget-text-editor\" style=\"text-align: center;\" data-id=\"2a8784c\" data-element_type=\"widget\" data-widget_type=\"text-editor.default\">\n<div class=\"elementor-widget-container\"><center><strong>Nous pouvons collecter et utiliser les informations personnelles des Utilisateurs aux fins suivantes :<\/strong><\/center>\n<p>\u00a0<\/p>\n<ul>\n<li aria-level=\"1\"><strong>Am\u00e9liorer le service client<\/strong><strong>\u00a0:<\/strong>\u00a0Les informations que vous nous fournissez nous aident \u00e0 r\u00e9pondre \u00e0 vos demandes de service client de mani\u00e8re plus efficace.<\/li>\n<\/ul>\n<p>\u00a0<\/p>\n<ul>\n<li aria-level=\"1\"><strong>Personnaliser l\u2019exp\u00e9rience utilisateur<\/strong><strong>\u00a0:<\/strong>\u00a0Nous pouvons utiliser les informations globales pour comprendre comment nos Utilisateurs en tant que groupe utilisent les services et ressources fournis sur notre Site web.<\/li>\n<\/ul>\n<p>\u00a0<\/p>\n<ul>\n<li aria-level=\"1\"><strong>Am\u00e9liorer notre Site web<\/strong><strong>\u00a0:<\/strong>\u00a0Nous nous effor\u00e7ons d\u2019am\u00e9liorer constamment notre offre de site web en fonction des informations et des commentaires que nous recevons de la part des Utilisateurs.<\/li>\n<\/ul>\n<p>\u00a0<\/p>\n<ul>\n<li aria-level=\"1\"><strong>Envoyer des e-mails p\u00e9riodiques<\/strong><strong>\u00a0:<\/strong>\u00a0Nous pouvons utiliser l\u2019adresse e-mail pour envoyer des informations, pour r\u00e9pondre \u00e0 leurs demandes, questions et\/ou autres demandes. Si l\u2019Utilisateur d\u00e9cide de s\u2019abonner \u00e0 notre liste de diffusion, il recevra des e-mails pouvant inclure des nouvelles de l\u2019entreprise, des mises \u00e0 jour, des informations sur des produits ou services li\u00e9s, etc. Si \u00e0 tout moment l\u2019Utilisateur souhaite se d\u00e9sinscrire de la r\u00e9ception de futurs e-mails, nous incluons des instructions d\u00e9taill\u00e9es pour se d\u00e9sabonner au bas de chaque e-mail.<\/li>\n<\/ul>\n<\/div>\n<\/div>\n<div class=\"elementor-element elementor-element-77a5286 elementor-widget elementor-widget-heading\" style=\"text-align: center;\" data-id=\"77a5286\" data-element_type=\"widget\" data-widget_type=\"heading.default\">\n<div class=\"elementor-widget-container\">\n<h2 class=\"elementor-heading-title elementor-size-default\">Protection des informations<\/h2>\n<\/div>\n<\/div>\n<div class=\"elementor-element elementor-element-3100719 elementor-widget elementor-widget-text-editor\" style=\"text-align: center;\" data-id=\"3100719\" data-element_type=\"widget\" data-widget_type=\"text-editor.default\">\n<div class=\"elementor-widget-container\">\n<p>Nous adoptons des pratiques appropri\u00e9es de collecte, de stockage et de traitement des donn\u00e9es, ainsi que des mesures de s\u00e9curit\u00e9 pour prot\u00e9ger contre tout acc\u00e8s non autoris\u00e9, toute alt\u00e9ration, toute divulgation ou destruction de vos informations personnelles, nom d\u2019utilisateur, mot de passe, informations de transaction et donn\u00e9es stock\u00e9es sur notre Site web.<\/p>\n<\/div>\n<\/div>\n<div class=\"elementor-element elementor-element-a2b693e elementor-widget elementor-widget-heading\" style=\"text-align: center;\" data-id=\"a2b693e\" data-element_type=\"widget\" data-widget_type=\"heading.default\">\n<div class=\"elementor-widget-container\">\n<h2 class=\"elementor-heading-title elementor-size-default\">Partage de vos informations personnelles<\/h2>\n<\/div>\n<\/div>\n<div class=\"elementor-element elementor-element-8a56ec4 elementor-widget elementor-widget-text-editor\" style=\"text-align: center;\" data-id=\"8a56ec4\" data-element_type=\"widget\" data-widget_type=\"text-editor.default\">\n<div class=\"elementor-widget-container\">\n<p>Nous ne vendons, n\u2019\u00e9changeons ni ne louons les informations personnelles des Utilisateurs \u00e0 d\u2019autres personnes ou entreprises. Nous pouvons partager des informations d\u00e9mographiques agr\u00e9g\u00e9es et anonymes avec nos partenaires commerciaux, nos affili\u00e9s et nos annonceurs \u00e0 des fins de marketing et statistiques.<\/p>\n<\/div>\n<\/div>\n<div class=\"elementor-element elementor-element-7ca4844 elementor-widget elementor-widget-heading\" style=\"text-align: center;\" data-id=\"7ca4844\" data-element_type=\"widget\" data-widget_type=\"heading.default\">\n<div class=\"elementor-widget-container\">\n<h2 class=\"elementor-heading-title elementor-size-default\">Conformit\u00e9 \u00e0 la l\u00e9gislation<\/h2>\n<\/div>\n<\/div>\n<div class=\"elementor-element elementor-element-5eaa373 elementor-widget elementor-widget-text-editor\" style=\"text-align: center;\" data-id=\"5eaa373\" data-element_type=\"widget\" data-widget_type=\"text-editor.default\">\n<div class=\"elementor-widget-container\">\n<p>Notre collecte, notre utilisation et notre divulgation d\u2019informations personnelles sont conformes \u00e0 la l\u00e9gislation canadienne sur la protection des renseignements personnels, y compris la Loi sur la protection des renseignements personnels et les documents \u00e9lectroniques (LPRPDE) et la l\u00e9gislation provinciale applicable.<\/p>\n<\/div>\n<\/div>\n<div class=\"elementor-element elementor-element-bb7709f elementor-widget elementor-widget-heading\" style=\"text-align: center;\" data-id=\"bb7709f\" data-element_type=\"widget\" data-widget_type=\"heading.default\">\n<div class=\"elementor-widget-container\">\n<h2 class=\"elementor-heading-title elementor-size-default\">Modification de cette politique de confidentialit\u00e9<\/h2>\n<\/div>\n<\/div>\n<div class=\"elementor-element elementor-element-d74ea0f elementor-widget elementor-widget-text-editor\" style=\"text-align: center;\" data-id=\"d74ea0f\" data-element_type=\"widget\" data-widget_type=\"text-editor.default\">\n<div class=\"elementor-widget-container\">\n<p>Nous nous r\u00e9servons le droit de mettre \u00e0 jour cette politique de confidentialit\u00e9 \u00e0 tout moment. Lorsque nous le ferons, nous r\u00e9viserons la date de mise \u00e0 jour au bas de cette page. Nous encourageons les Utilisateurs \u00e0 consulter fr\u00e9quemment cette page pour toute modification afin de rester inform\u00e9s sur la mani\u00e8re dont nous aidons \u00e0 prot\u00e9ger les informations personnelles que nous collectons. Vous reconnaissez et acceptez qu\u2019il est de votre responsabilit\u00e9 de consulter r\u00e9guli\u00e8rement cette politique de confidentialit\u00e9 et de prendre connaissance des modifications.<\/p>\n<\/div>\n<\/div>\n<div class=\"elementor-element elementor-element-ba6a236 elementor-widget elementor-widget-heading\" style=\"text-align: center;\" data-id=\"ba6a236\" data-element_type=\"widget\" data-widget_type=\"heading.default\">\n<div class=\"elementor-widget-container\">\n<h2 class=\"elementor-heading-title elementor-size-default\">Votre acceptation de ces termes<\/h2>\n<\/div>\n<\/div>\n<div class=\"elementor-element elementor-element-89f7f35 elementor-widget elementor-widget-text-editor\" style=\"text-align: center;\" data-id=\"89f7f35\" data-element_type=\"widget\" data-widget_type=\"text-editor.default\">\n<div class=\"elementor-widget-container\">\n<p>En utilisant ce Site web, vous signifiez votre acceptation de cette politique. Si vous n\u2019acceptez pas cette politique, veuillez ne pas utiliser notre Site web. Votre utilisation continue du Site web apr\u00e8s la publication de modifications de cette politique sera consid\u00e9r\u00e9e comme votre acceptation de ces modifications.<\/p>\n<p>Si vous avez des questions concernant cette politique de confidentialit\u00e9, les pratiques de ce site ou vos interactions avec ce site, veuillez contacter\u00a0<strong>Anick Teasdale<\/strong>\u00a0\u00e0 l\u2019adresse suivante :\u00a0<strong>info@lbmagtech.com<\/strong>.<\/p>\n<\/div>\n<\/div>\n<div class=\"elementor-element elementor-element-e3ab550 elementor-widget elementor-widget-text-editor\" data-id=\"e3ab550\" data-element_type=\"widget\" data-widget_type=\"text-editor.default\">\n<div class=\"elementor-widget-container\">\n<p style=\"text-align: center;\"><em>Date de la derni\u00e8re mise \u00e0 jour : 3-10-2023<\/em><\/p>\n<\/div>\n<\/div>\n\t\t\t\t\t\t\t\t<\/div>\n\t\t\t\t<\/div>\n\t\t\t\t\t<\/div>\n\t\t<\/div>\n\t\t\t\t\t<\/div>\n\t\t<\/section>\n\t\t\t\t<\/div>","protected":false},"excerpt":{"rendered":"<p>Politique de confidentialit\u00e9 \u00a0 La pr\u00e9sente politique de confidentialit\u00e9 r\u00e9git la mani\u00e8re dont LBM Agtech collecte, utilise, conserve et divulgue les informations collect\u00e9es aupr\u00e8s des utilisateurs (ci-apr\u00e8s d\u00e9sign\u00e9s \u00ab Utilisateurs \u00bb) de www.lbmagtech.com (ci-apr\u00e8s d\u00e9sign\u00e9 \u00ab le Site web \u00bb). Cette politique de confidentialit\u00e9 s\u2019applique au Site web et \u00e0 tous les produits et services [&hellip;]<\/p>","protected":false},"author":3,"featured_media":0,"parent":0,"menu_order":0,"comment_status":"closed","ping_status":"closed","template":"","meta":{"footnotes":""},"class_list":["post-3","page","type-page","status-publish","hentry"],"yoast_head":"<!-- This site is optimized with the Yoast SEO plugin v25.8 - https:\/\/yoast.com\/wordpress\/plugins\/seo\/ -->\n<title>Politique de confidentialit\u00e9 - LBM AGTECH<\/title>\n<meta name=\"robots\" content=\"index, follow, max-snippet:-1, max-image-preview:large, max-video-preview:-1\" \/>\n<link rel=\"canonical\" href=\"https:\/\/lbmagtech.com\/en\/politique-de-confidentialite\/\" \/>\n<meta property=\"og:locale\" content=\"en_US\" \/>\n<meta property=\"og:type\" content=\"article\" \/>\n<meta property=\"og:title\" content=\"Politique de confidentialit\u00e9 - LBM AGTECH\" \/>\n<meta property=\"og:description\" content=\"Politique de confidentialit\u00e9 \u00a0 La pr\u00e9sente politique de confidentialit\u00e9 r\u00e9git la mani\u00e8re dont LBM Agtech collecte, utilise, conserve et divulgue les informations collect\u00e9es aupr\u00e8s des utilisateurs (ci-apr\u00e8s d\u00e9sign\u00e9s \u00ab Utilisateurs \u00bb) de www.lbmagtech.com (ci-apr\u00e8s d\u00e9sign\u00e9 \u00ab le Site web \u00bb). Cette politique de confidentialit\u00e9 s\u2019applique au Site web et \u00e0 tous les produits et services [&hellip;]\" \/>\n<meta property=\"og:url\" content=\"https:\/\/lbmagtech.com\/en\/politique-de-confidentialite\/\" \/>\n<meta property=\"og:site_name\" content=\"LBM AGTECH\" \/>\n<meta property=\"article:publisher\" content=\"https:\/\/www.facebook.com\/lbmagtech\" \/>\n<meta property=\"article:modified_time\" content=\"2023-10-03T15:53:55+00:00\" \/>\n<meta name=\"twitter:card\" content=\"summary_large_image\" \/>\n<meta name=\"twitter:label1\" content=\"Est. reading time\" \/>\n\t<meta name=\"twitter:data1\" content=\"4 minutes\" \/>\n<script type=\"application\/ld+json\" class=\"yoast-schema-graph\">{\"@context\":\"https:\/\/schema.org\",\"@graph\":[{\"@type\":\"WebPage\",\"@id\":\"https:\/\/lbmagtech.com\/politique-de-confidentialite\/\",\"url\":\"https:\/\/lbmagtech.com\/politique-de-confidentialite\/\",\"name\":\"Politique de confidentialit\u00e9 - LBM AGTECH\",\"isPartOf\":{\"@id\":\"https:\/\/lbmagtech.com\/#website\"},\"datePublished\":\"2023-02-20T18:42:57+00:00\",\"dateModified\":\"2023-10-03T15:53:55+00:00\",\"breadcrumb\":{\"@id\":\"https:\/\/lbmagtech.com\/politique-de-confidentialite\/#breadcrumb\"},\"inLanguage\":\"en-CA\",\"potentialAction\":[{\"@type\":\"ReadAction\",\"target\":[\"https:\/\/lbmagtech.com\/politique-de-confidentialite\/\"]}]},{\"@type\":\"BreadcrumbList\",\"@id\":\"https:\/\/lbmagtech.com\/politique-de-confidentialite\/#breadcrumb\",\"itemListElement\":[{\"@type\":\"ListItem\",\"position\":1,\"name\":\"Accueil\",\"item\":\"https:\/\/lbmagtech.com\/\"},{\"@type\":\"ListItem\",\"position\":2,\"name\":\"Politique de confidentialit\u00e9\"}]},{\"@type\":\"WebSite\",\"@id\":\"https:\/\/lbmagtech.com\/#website\",\"url\":\"https:\/\/lbmagtech.com\/\",\"name\":\"LBM AGTECH\",\"description\":\"Serres int\u00e9rieures hydroponiques et \u00e9cologique pour la culture mara\u00eech\u00e8re\",\"publisher\":{\"@id\":\"https:\/\/lbmagtech.com\/#organization\"},\"potentialAction\":[{\"@type\":\"SearchAction\",\"target\":{\"@type\":\"EntryPoint\",\"urlTemplate\":\"https:\/\/lbmagtech.com\/?s={search_term_string}\"},\"query-input\":{\"@type\":\"PropertyValueSpecification\",\"valueRequired\":true,\"valueName\":\"search_term_string\"}}],\"inLanguage\":\"en-CA\"},{\"@type\":\"Organization\",\"@id\":\"https:\/\/lbmagtech.com\/#organization\",\"name\":\"LBM AGTECH\",\"alternateName\":\"LBM\",\"url\":\"https:\/\/lbmagtech.com\/\",\"logo\":{\"@type\":\"ImageObject\",\"inLanguage\":\"en-CA\",\"@id\":\"https:\/\/lbmagtech.com\/#\/schema\/logo\/image\/\",\"url\":\"https:\/\/lbmagtech.com\/wp-content\/uploads\/2023\/02\/LBM-logo.png\",\"contentUrl\":\"https:\/\/lbmagtech.com\/wp-content\/uploads\/2023\/02\/LBM-logo.png\",\"width\":1000,\"height\":1000,\"caption\":\"LBM AGTECH\"},\"image\":{\"@id\":\"https:\/\/lbmagtech.com\/#\/schema\/logo\/image\/\"},\"sameAs\":[\"https:\/\/www.facebook.com\/lbmagtech\",\"https:\/\/www.linkedin.com\/company\/lbm-agtech\/\"]}]}<\/script>\n<!-- \/ Yoast SEO plugin. -->","yoast_head_json":{"title":"Politique de confidentialit\u00e9 - LBM AGTECH","robots":{"index":"index","follow":"follow","max-snippet":"max-snippet:-1","max-image-preview":"max-image-preview:large","max-video-preview":"max-video-preview:-1"},"canonical":"https:\/\/lbmagtech.com\/en\/politique-de-confidentialite\/","og_locale":"en_US","og_type":"article","og_title":"Politique de confidentialit\u00e9 - LBM AGTECH","og_description":"Politique de confidentialit\u00e9 \u00a0 La pr\u00e9sente politique de confidentialit\u00e9 r\u00e9git la mani\u00e8re dont LBM Agtech collecte, utilise, conserve et divulgue les informations collect\u00e9es aupr\u00e8s des utilisateurs (ci-apr\u00e8s d\u00e9sign\u00e9s \u00ab Utilisateurs \u00bb) de www.lbmagtech.com (ci-apr\u00e8s d\u00e9sign\u00e9 \u00ab le Site web \u00bb). Cette politique de confidentialit\u00e9 s\u2019applique au Site web et \u00e0 tous les produits et services [&hellip;]","og_url":"https:\/\/lbmagtech.com\/en\/politique-de-confidentialite\/","og_site_name":"LBM AGTECH","article_publisher":"https:\/\/www.facebook.com\/lbmagtech","article_modified_time":"2023-10-03T15:53:55+00:00","twitter_card":"summary_large_image","twitter_misc":{"Est. reading time":"4 minutes"},"schema":{"@context":"https:\/\/schema.org","@graph":[{"@type":"WebPage","@id":"https:\/\/lbmagtech.com\/politique-de-confidentialite\/","url":"https:\/\/lbmagtech.com\/politique-de-confidentialite\/","name":"Politique de confidentialit\u00e9 - LBM AGTECH","isPartOf":{"@id":"https:\/\/lbmagtech.com\/#website"},"datePublished":"2023-02-20T18:42:57+00:00","dateModified":"2023-10-03T15:53:55+00:00","breadcrumb":{"@id":"https:\/\/lbmagtech.com\/politique-de-confidentialite\/#breadcrumb"},"inLanguage":"en-CA","potentialAction":[{"@type":"ReadAction","target":["https:\/\/lbmagtech.com\/politique-de-confidentialite\/"]}]},{"@type":"BreadcrumbList","@id":"https:\/\/lbmagtech.com\/politique-de-confidentialite\/#breadcrumb","itemListElement":[{"@type":"ListItem","position":1,"name":"Accueil","item":"https:\/\/lbmagtech.com\/"},{"@type":"ListItem","position":2,"name":"Politique de confidentialit\u00e9"}]},{"@type":"WebSite","@id":"https:\/\/lbmagtech.com\/#website","url":"https:\/\/lbmagtech.com\/","name":"LBM AGTECH","description":"Serres int\u00e9rieures hydroponiques et \u00e9cologique pour la culture mara\u00eech\u00e8re","publisher":{"@id":"https:\/\/lbmagtech.com\/#organization"},"potentialAction":[{"@type":"SearchAction","target":{"@type":"EntryPoint","urlTemplate":"https:\/\/lbmagtech.com\/?s={search_term_string}"},"query-input":{"@type":"PropertyValueSpecification","valueRequired":true,"valueName":"search_term_string"}}],"inLanguage":"en-CA"},{"@type":"Organization","@id":"https:\/\/lbmagtech.com\/#organization","name":"LBM AGTECH","alternateName":"LBM","url":"https:\/\/lbmagtech.com\/","logo":{"@type":"ImageObject","inLanguage":"en-CA","@id":"https:\/\/lbmagtech.com\/#\/schema\/logo\/image\/","url":"https:\/\/lbmagtech.com\/wp-content\/uploads\/2023\/02\/LBM-logo.png","contentUrl":"https:\/\/lbmagtech.com\/wp-content\/uploads\/2023\/02\/LBM-logo.png","width":1000,"height":1000,"caption":"LBM AGTECH"},"image":{"@id":"https:\/\/lbmagtech.com\/#\/schema\/logo\/image\/"},"sameAs":["https:\/\/www.facebook.com\/lbmagtech","https:\/\/www.linkedin.com\/company\/lbm-agtech\/"]}]}},"_links":{"self":[{"href":"https:\/\/lbmagtech.com\/en\/wp-json\/wp\/v2\/pages\/3","targetHints":{"allow":["GET"]}}],"collection":[{"href":"https:\/\/lbmagtech.com\/en\/wp-json\/wp\/v2\/pages"}],"about":[{"href":"https:\/\/lbmagtech.com\/en\/wp-json\/wp\/v2\/types\/page"}],"author":[{"embeddable":true,"href":"https:\/\/lbmagtech.com\/en\/wp-json\/wp\/v2\/users\/3"}],"replies":[{"embeddable":true,"href":"https:\/\/lbmagtech.com\/en\/wp-json\/wp\/v2\/comments?post=3"}],"version-history":[{"count":4,"href":"https:\/\/lbmagtech.com\/en\/wp-json\/wp\/v2\/pages\/3\/revisions"}],"predecessor-version":[{"id":1646,"href":"https:\/\/lbmagtech.com\/en\/wp-json\/wp\/v2\/pages\/3\/revisions\/1646"}],"wp:attachment":[{"href":"https:\/\/lbmagtech.com\/en\/wp-json\/wp\/v2\/media?parent=3"}],"curies":[{"name":"wp","href":"https:\/\/api.w.org\/{rel}","templated":true}]}}