{"id":593,"date":"2023-02-22T19:28:35","date_gmt":"2023-02-22T19:28:35","guid":{"rendered":"https:\/\/lbmagtech.com\/?page_id=593"},"modified":"2024-09-05T17:22:33","modified_gmt":"2024-09-05T17:22:33","slug":"soumission","status":"publish","type":"page","link":"https:\/\/lbmagtech.com\/en\/soumission\/","title":{"rendered":"Formulaire de soumission"},"content":{"rendered":"<div data-elementor-type=\"wp-page\" data-elementor-id=\"593\" class=\"elementor elementor-593\">\n\t\t\t\t\t\t<section class=\"elementor-section elementor-top-section elementor-element elementor-element-2646f546 elementor-section-content-middle elementor-section-boxed elementor-section-height-default elementor-section-height-default\" data-id=\"2646f546\" data-element_type=\"section\" data-settings=\"{&quot;background_background&quot;:&quot;classic&quot;}\">\n\t\t\t\t\t\t\t<div class=\"elementor-background-overlay\"><\/div>\n\t\t\t\t\t\t\t<div class=\"elementor-container elementor-column-gap-default\">\n\t\t\t\t\t<div class=\"elementor-column elementor-col-100 elementor-top-column elementor-element elementor-element-77c73a65\" data-id=\"77c73a65\" data-element_type=\"column\">\n\t\t\t<div class=\"elementor-widget-wrap elementor-element-populated\">\n\t\t\t\t\t\t<div class=\"elementor-element elementor-element-6bacc6b1 elementor-widget elementor-widget-elementskit-heading\" data-id=\"6bacc6b1\" data-element_type=\"widget\" data-widget_type=\"elementskit-heading.default\">\n\t\t\t\t<div class=\"elementor-widget-container\">\n\t\t\t\t\t<div class=\"ekit-wid-con\" ><div class=\"ekit-heading elementskit-section-title-wraper text_center   ekit_heading_tablet-   ekit_heading_mobile-\"><h2 class=\"ekit-heading--title elementskit-section-title\">Tell us about your project<\/h2>\t\t\t\t<div class='ekit-heading__description'>\n\t\t\t\t\t<p>Describe your situation by filling in the form below and we'll get back to you with a quote as soon as possible.<\/p>\n\t\t\t\t<\/div>\n\t\t\t<\/div><\/div>\t\t\t\t<\/div>\n\t\t\t\t<\/div>\n\t\t\t\t<div class=\"elementor-element elementor-element-2b4b4c5e elementor-align-left elementor-widget__width-auto elementor-widget elementor-widget-elementskit-button\" data-id=\"2b4b4c5e\" data-element_type=\"widget\" data-widget_type=\"elementskit-button.default\">\n\t\t\t\t<div class=\"elementor-widget-container\">\n\t\t\t\t\t<div class=\"ekit-wid-con\" >\t\t<div class=\"ekit-btn-wraper\">\n\t\t\t\t\t\t\t<a href=\"#more\" class=\"elementskit-btn  whitespace--normal\" id=\"\">\n\t\t\t\t\tFill out the form\t\t\t\t<\/a>\n\t\t\t\t\t<\/div>\n        <\/div>\t\t\t\t<\/div>\n\t\t\t\t<\/div>\n\t\t\t\t\t<\/div>\n\t\t<\/div>\n\t\t\t\t\t<\/div>\n\t\t<\/section>\n\t\t\t\t<section class=\"elementor-section elementor-top-section elementor-element elementor-element-a9a9038 elementor-section-boxed elementor-section-height-default elementor-section-height-default\" data-id=\"a9a9038\" data-element_type=\"section\">\n\t\t\t\t\t\t<div class=\"elementor-container elementor-column-gap-default\">\n\t\t\t\t\t<div class=\"elementor-column elementor-col-100 elementor-top-column elementor-element elementor-element-d0076ca\" data-id=\"d0076ca\" data-element_type=\"column\">\n\t\t\t<div class=\"elementor-widget-wrap elementor-element-populated\">\n\t\t\t\t\t\t<div class=\"elementor-element elementor-element-d549411 elementor-widget elementor-widget-menu-anchor\" data-id=\"d549411\" data-element_type=\"widget\" data-widget_type=\"menu-anchor.default\">\n\t\t\t\t<div class=\"elementor-widget-container\">\n\t\t\t\t\t\t\t<div class=\"elementor-menu-anchor\" id=\"more\"><\/div>\n\t\t\t\t\t\t<\/div>\n\t\t\t\t<\/div>\n\t\t\t\t<div class=\"elementor-element elementor-element-d8e3f36 elementor-widget elementor-widget-html\" data-id=\"d8e3f36\" data-element_type=\"widget\" data-widget_type=\"html.default\">\n\t\t\t\t<div class=\"elementor-widget-container\">\n\t\t\t\t\t<style>.elementor-element-d8e3f36{display:none !important}<\/style>\t\t\t\t<\/div>\n\t\t\t\t<\/div>\n\t\t\t\t<div class=\"elementor-element elementor-element-fd6e39b elementor-widget elementor-widget-html\" data-id=\"fd6e39b\" data-element_type=\"widget\" data-widget_type=\"html.default\">\n\t\t\t\t<div class=\"elementor-widget-container\">\n\t\t\t\t\t<script charset=\"utf-8\" type=\"text\/javascript\" src=\"\/\/js.hsforms.net\/forms\/embed\/v2.js\"><\/script>\n<script>\n  hbspt.forms.create({\n    region: \"na1\",\n    portalId: \"7718111\",\n    formId: \"3fbc471e-f26e-4023-8ede-c09b234fbcd9\"\n  });\n<\/script>\t\t\t\t<\/div>\n\t\t\t\t<\/div>\n\t\t\t\t\t<\/div>\n\t\t<\/div>\n\t\t\t\t\t<\/div>\n\t\t<\/section>\n\t\t\t\t<section class=\"elementor-section elementor-top-section elementor-element elementor-element-1f4f3e26 elementor-section-boxed elementor-section-height-default elementor-section-height-default\" data-id=\"1f4f3e26\" data-element_type=\"section\" data-settings=\"{&quot;background_background&quot;:&quot;classic&quot;}\">\n\t\t\t\t\t\t<div class=\"elementor-container elementor-column-gap-default\">\n\t\t\t\t\t<div class=\"elementor-column elementor-col-50 elementor-top-column elementor-element elementor-element-6a68b5cd\" data-id=\"6a68b5cd\" data-element_type=\"column\">\n\t\t\t<div class=\"elementor-widget-wrap elementor-element-populated\">\n\t\t\t\t\t\t<div class=\"elementor-element elementor-element-769fba30 elementor-widget elementor-widget-elementskit-heading\" data-id=\"769fba30\" data-element_type=\"widget\" data-widget_type=\"elementskit-heading.default\">\n\t\t\t\t<div class=\"elementor-widget-container\">\n\t\t\t\t\t<div class=\"ekit-wid-con\" ><div class=\"ekit-heading elementskit-section-title-wraper text_left   ekit_heading_tablet-   ekit_heading_mobile-text_center\"><p class=\"ekit-heading--title elementskit-section-title\">\u00a9 2023. LBM Agtech. All rights reserved.<\/p><\/div><\/div>\t\t\t\t<\/div>\n\t\t\t\t<\/div>\n\t\t\t\t\t<\/div>\n\t\t<\/div>\n\t\t\t\t<div class=\"elementor-column elementor-col-50 elementor-top-column elementor-element elementor-element-180fad06\" data-id=\"180fad06\" data-element_type=\"column\">\n\t\t\t<div class=\"elementor-widget-wrap\">\n\t\t\t\t\t\t\t<\/div>\n\t\t<\/div>\n\t\t\t\t\t<\/div>\n\t\t<\/section>\n\t\t\t\t<\/div>","protected":false},"excerpt":{"rendered":"<p>Parlez-nous de votre projet D\u00e9crivez-nous votre situation en remplissant le formulaire ci-dessous et nous vous contacterons avec une soumission d\u00e8s que possible. Remplissez le formulaire \u00a92023. LBM Agtech. Tous droits r\u00e9serv\u00e9s.<\/p>","protected":false},"author":3,"featured_media":0,"parent":0,"menu_order":0,"comment_status":"closed","ping_status":"closed","template":"","meta":{"footnotes":""},"class_list":["post-593","page","type-page","status-publish","hentry"],"yoast_head":"<!-- This site is optimized with the Yoast SEO plugin v25.8 - https:\/\/yoast.com\/wordpress\/plugins\/seo\/ -->\n<title>LBM AGTECH - Formulaire de soumission<\/title>\n<meta name=\"description\" content=\"D\u00e9crivez-nous votre situation en remplissant ce formulaire et nous vous contacterons avec une soumission d\u00e8s que possible.\" \/>\n<meta name=\"robots\" content=\"index, follow, max-snippet:-1, max-image-preview:large, max-video-preview:-1\" \/>\n<link rel=\"canonical\" href=\"https:\/\/lbmagtech.com\/en\/soumission\/\" \/>\n<meta property=\"og:locale\" content=\"en_US\" \/>\n<meta property=\"og:type\" content=\"article\" \/>\n<meta property=\"og:title\" content=\"LBM AGTECH - Formulaire de soumission\" \/>\n<meta property=\"og:description\" content=\"D\u00e9crivez-nous votre situation en remplissant ce formulaire et nous vous contacterons avec une soumission d\u00e8s que possible.\" \/>\n<meta property=\"og:url\" content=\"https:\/\/lbmagtech.com\/en\/soumission\/\" \/>\n<meta property=\"og:site_name\" content=\"LBM AGTECH\" \/>\n<meta property=\"article:publisher\" content=\"https:\/\/www.facebook.com\/lbmagtech\" \/>\n<meta property=\"article:modified_time\" content=\"2024-09-05T17:22:33+00:00\" \/>\n<meta name=\"twitter:card\" content=\"summary_large_image\" \/>\n<meta name=\"twitter:label1\" content=\"Est. reading time\" \/>\n\t<meta name=\"twitter:data1\" content=\"1 minute\" \/>\n<script type=\"application\/ld+json\" class=\"yoast-schema-graph\">{\"@context\":\"https:\/\/schema.org\",\"@graph\":[{\"@type\":\"WebPage\",\"@id\":\"https:\/\/lbmagtech.com\/soumission\/\",\"url\":\"https:\/\/lbmagtech.com\/soumission\/\",\"name\":\"LBM AGTECH - Formulaire de soumission\",\"isPartOf\":{\"@id\":\"https:\/\/lbmagtech.com\/#website\"},\"datePublished\":\"2023-02-22T19:28:35+00:00\",\"dateModified\":\"2024-09-05T17:22:33+00:00\",\"description\":\"D\u00e9crivez-nous votre situation en remplissant ce formulaire et nous vous contacterons avec une soumission d\u00e8s que possible.\",\"breadcrumb\":{\"@id\":\"https:\/\/lbmagtech.com\/soumission\/#breadcrumb\"},\"inLanguage\":\"en-CA\",\"potentialAction\":[{\"@type\":\"ReadAction\",\"target\":[\"https:\/\/lbmagtech.com\/soumission\/\"]}]},{\"@type\":\"BreadcrumbList\",\"@id\":\"https:\/\/lbmagtech.com\/soumission\/#breadcrumb\",\"itemListElement\":[{\"@type\":\"ListItem\",\"position\":1,\"name\":\"Accueil\",\"item\":\"https:\/\/lbmagtech.com\/\"},{\"@type\":\"ListItem\",\"position\":2,\"name\":\"Formulaire de soumission\"}]},{\"@type\":\"WebSite\",\"@id\":\"https:\/\/lbmagtech.com\/#website\",\"url\":\"https:\/\/lbmagtech.com\/\",\"name\":\"LBM AGTECH\",\"description\":\"Serres int\u00e9rieures hydroponiques et \u00e9cologique pour la culture mara\u00eech\u00e8re\",\"publisher\":{\"@id\":\"https:\/\/lbmagtech.com\/#organization\"},\"potentialAction\":[{\"@type\":\"SearchAction\",\"target\":{\"@type\":\"EntryPoint\",\"urlTemplate\":\"https:\/\/lbmagtech.com\/?s={search_term_string}\"},\"query-input\":{\"@type\":\"PropertyValueSpecification\",\"valueRequired\":true,\"valueName\":\"search_term_string\"}}],\"inLanguage\":\"en-CA\"},{\"@type\":\"Organization\",\"@id\":\"https:\/\/lbmagtech.com\/#organization\",\"name\":\"LBM AGTECH\",\"alternateName\":\"LBM\",\"url\":\"https:\/\/lbmagtech.com\/\",\"logo\":{\"@type\":\"ImageObject\",\"inLanguage\":\"en-CA\",\"@id\":\"https:\/\/lbmagtech.com\/#\/schema\/logo\/image\/\",\"url\":\"https:\/\/lbmagtech.com\/wp-content\/uploads\/2023\/02\/LBM-logo.png\",\"contentUrl\":\"https:\/\/lbmagtech.com\/wp-content\/uploads\/2023\/02\/LBM-logo.png\",\"width\":1000,\"height\":1000,\"caption\":\"LBM AGTECH\"},\"image\":{\"@id\":\"https:\/\/lbmagtech.com\/#\/schema\/logo\/image\/\"},\"sameAs\":[\"https:\/\/www.facebook.com\/lbmagtech\",\"https:\/\/www.linkedin.com\/company\/lbm-agtech\/\"]}]}<\/script>\n<!-- \/ Yoast SEO plugin. -->","yoast_head_json":{"title":"LBM AGTECH - Formulaire de soumission","description":"D\u00e9crivez-nous votre situation en remplissant ce formulaire et nous vous contacterons avec une soumission d\u00e8s que possible.","robots":{"index":"index","follow":"follow","max-snippet":"max-snippet:-1","max-image-preview":"max-image-preview:large","max-video-preview":"max-video-preview:-1"},"canonical":"https:\/\/lbmagtech.com\/en\/soumission\/","og_locale":"en_US","og_type":"article","og_title":"LBM AGTECH - Formulaire de soumission","og_description":"D\u00e9crivez-nous votre situation en remplissant ce formulaire et nous vous contacterons avec une soumission d\u00e8s que possible.","og_url":"https:\/\/lbmagtech.com\/en\/soumission\/","og_site_name":"LBM AGTECH","article_publisher":"https:\/\/www.facebook.com\/lbmagtech","article_modified_time":"2024-09-05T17:22:33+00:00","twitter_card":"summary_large_image","twitter_misc":{"Est. reading time":"1 minute"},"schema":{"@context":"https:\/\/schema.org","@graph":[{"@type":"WebPage","@id":"https:\/\/lbmagtech.com\/soumission\/","url":"https:\/\/lbmagtech.com\/soumission\/","name":"LBM AGTECH - Formulaire de soumission","isPartOf":{"@id":"https:\/\/lbmagtech.com\/#website"},"datePublished":"2023-02-22T19:28:35+00:00","dateModified":"2024-09-05T17:22:33+00:00","description":"D\u00e9crivez-nous votre situation en remplissant ce formulaire et nous vous contacterons avec une soumission d\u00e8s que possible.","breadcrumb":{"@id":"https:\/\/lbmagtech.com\/soumission\/#breadcrumb"},"inLanguage":"en-CA","potentialAction":[{"@type":"ReadAction","target":["https:\/\/lbmagtech.com\/soumission\/"]}]},{"@type":"BreadcrumbList","@id":"https:\/\/lbmagtech.com\/soumission\/#breadcrumb","itemListElement":[{"@type":"ListItem","position":1,"name":"Accueil","item":"https:\/\/lbmagtech.com\/"},{"@type":"ListItem","position":2,"name":"Formulaire de soumission"}]},{"@type":"WebSite","@id":"https:\/\/lbmagtech.com\/#website","url":"https:\/\/lbmagtech.com\/","name":"LBM AGTECH","description":"Serres int\u00e9rieures hydroponiques et \u00e9cologique pour la culture mara\u00eech\u00e8re","publisher":{"@id":"https:\/\/lbmagtech.com\/#organization"},"potentialAction":[{"@type":"SearchAction","target":{"@type":"EntryPoint","urlTemplate":"https:\/\/lbmagtech.com\/?s={search_term_string}"},"query-input":{"@type":"PropertyValueSpecification","valueRequired":true,"valueName":"search_term_string"}}],"inLanguage":"en-CA"},{"@type":"Organization","@id":"https:\/\/lbmagtech.com\/#organization","name":"LBM AGTECH","alternateName":"LBM","url":"https:\/\/lbmagtech.com\/","logo":{"@type":"ImageObject","inLanguage":"en-CA","@id":"https:\/\/lbmagtech.com\/#\/schema\/logo\/image\/","url":"https:\/\/lbmagtech.com\/wp-content\/uploads\/2023\/02\/LBM-logo.png","contentUrl":"https:\/\/lbmagtech.com\/wp-content\/uploads\/2023\/02\/LBM-logo.png","width":1000,"height":1000,"caption":"LBM AGTECH"},"image":{"@id":"https:\/\/lbmagtech.com\/#\/schema\/logo\/image\/"},"sameAs":["https:\/\/www.facebook.com\/lbmagtech","https:\/\/www.linkedin.com\/company\/lbm-agtech\/"]}]}},"_links":{"self":[{"href":"https:\/\/lbmagtech.com\/en\/wp-json\/wp\/v2\/pages\/593","targetHints":{"allow":["GET"]}}],"collection":[{"href":"https:\/\/lbmagtech.com\/en\/wp-json\/wp\/v2\/pages"}],"about":[{"href":"https:\/\/lbmagtech.com\/en\/wp-json\/wp\/v2\/types\/page"}],"author":[{"embeddable":true,"href":"https:\/\/lbmagtech.com\/en\/wp-json\/wp\/v2\/users\/3"}],"replies":[{"embeddable":true,"href":"https:\/\/lbmagtech.com\/en\/wp-json\/wp\/v2\/comments?post=593"}],"version-history":[{"count":61,"href":"https:\/\/lbmagtech.com\/en\/wp-json\/wp\/v2\/pages\/593\/revisions"}],"predecessor-version":[{"id":1763,"href":"https:\/\/lbmagtech.com\/en\/wp-json\/wp\/v2\/pages\/593\/revisions\/1763"}],"wp:attachment":[{"href":"https:\/\/lbmagtech.com\/en\/wp-json\/wp\/v2\/media?parent=593"}],"curies":[{"name":"wp","href":"https:\/\/api.w.org\/{rel}","templated":true}]}}